{"id":364,"date":"2019-02-03T12:41:41","date_gmt":"2019-02-03T12:41:41","guid":{"rendered":"https:\/\/www.ariasassessors.com\/laboral\/"},"modified":"2024-12-11T16:51:25","modified_gmt":"2024-12-11T15:51:25","slug":"laboral","status":"publish","type":"page","link":"https:\/\/www.ariasassessors.com\/ca\/laboral\/","title":{"rendered":"Laboral"},"content":{"rendered":"<p>[vc_row css_animation=&#8221;element_from_bottom&#8221; row_type=&#8221;row&#8221; use_row_as_full_screen_section=&#8221;no&#8221; type=&#8221;full_width&#8221; angled_section=&#8221;no&#8221; text_align=&#8221;left&#8221; background_image_as_pattern=&#8221;without_pattern&#8221; css=&#8221;.vc_custom_1550326473245{margin-top: 80px !important;margin-bottom: 80px !important;}&#8221; z_index=&#8221;&#8221;][vc_column width=&#8221;1\/2&#8243;][vc_single_image image=&#8221;3911&#8243; img_size=&#8221;full&#8221; qode_css_animation=&#8221;&#8221; css=&#8221;.vc_custom_1733932280679{margin-bottom: 40px !important;}&#8221;][\/vc_column][vc_column width=&#8221;1\/2&#8243;][vc_column_text el_class=&#8221;entrada&#8221;]Arias Assessors disposa d\u2019un gabinet t\u00e8cnic professional amb<strong> m\u00e9s de 30 anys d\u2019experi\u00e8ncia<\/strong> en la gesti\u00f3 i assessorament en l\u2019\u00e0mbit laboral i en les relacions de les empreses amb la Seguretat Social.<\/p>\n<p>Tant per societats com per a empresaris individuals que tenen personal contractat per compte aliena, disposem de totes les eines de gesti\u00f3 actualitzades aix\u00ed com d\u2019un gabinet jur\u00eddic d\u2019\u00e0mplia experi\u00e8ncia per tal de resoldre qualsevol conflicte laboral que pugui presentar-se.[\/vc_column_text][\/vc_column][\/vc_row][vc_row css_animation=&#8221;element_from_bottom&#8221; row_type=&#8221;row&#8221; use_row_as_full_screen_section=&#8221;no&#8221; type=&#8221;full_width&#8221; angled_section=&#8221;no&#8221; text_align=&#8221;center&#8221; background_image_as_pattern=&#8221;without_pattern&#8221; z_index=&#8221;&#8221;][vc_column css=&#8221;.vc_custom_1550150941565{margin-bottom: 20px !important;}&#8221;][vc_column_text css=&#8221;.vc_custom_1552390676604{margin-bottom: 0px !important;}&#8221;]<\/p>\n<h2>Serveis inclosos en el nostre departament laboral:<\/h2>\n<p>[\/vc_column_text][\/vc_column][\/vc_row][vc_row css_animation=&#8221;element_from_bottom&#8221; row_type=&#8221;row&#8221; use_row_as_full_screen_section=&#8221;no&#8221; type=&#8221;full_width&#8221; angled_section=&#8221;no&#8221; text_align=&#8221;left&#8221; background_image_as_pattern=&#8221;without_pattern&#8221; z_index=&#8221;&#8221;][vc_column width=&#8221;1\/2&#8243;]<div class='q_list circle normal animate_list'><\/p>\n<ul>\n<li>Assessorament legal complert i recomanacions per a emprenedors.<\/li>\n<li>Gesti\u00f3 d\u2019altes, variacions i baixes de treballadors a la Tresoreria General de la Seguretat Social.<\/li>\n<li>Costos de contractaci\u00f3 i estudi de modalitats de contracte de treball m\u00e9s adients per a la seva empresa.<\/li>\n<li>Preparaci\u00f3 i confecci\u00f3 de tot tipus de contractes de treball, mercantils i laborals.<\/li>\n<li>Comunicaci\u00f3 al Servei Catal\u00e0 d\u2019Ocupaci\u00f3 (SEPE) de nous contractes.<\/li>\n<li>Confecci\u00f3 de n\u00f2mines del personal, de conformitat amb la legislaci\u00f3 vigent segons conveni de treball i sector d\u2019activitat.<\/li>\n<li>Tramitaci\u00f3 de documents de cotitzaci\u00f3 de l\u2019empresa a la Seguretat Social.<\/li>\n<li>Gesti\u00f3 i comunicaci\u00f3 d\u2019arxius CRA a la Tresoreria General de la Seguretat Social, indicant tots els conceptes retribu\u00efts abonats als treballadors.<\/li>\n<\/ul>\n<p><\/div>[\/vc_column][vc_column width=&#8221;1\/2&#8243; css=&#8221;.vc_custom_1549523449614{margin-bottom: 40px !important;}&#8221;]<div class='q_list circle normal animate_list'><\/p>\n<ul>\n<li>Formalitzaci\u00f3 de despla\u00e7aments de treballadors a l\u2019estranger.<\/li>\n<li>Gesti\u00f3 de deutes amb la Seguretat Social \u2013 apla\u00e7aments \u2013 certificacions.<\/li>\n<li>Tramitaci\u00f3 de baixes laborals per IT.<\/li>\n<li>Preparaci\u00f3 de sancions escrites i cartes d\u2019acomiadament.<\/li>\n<li>Assist\u00e8ncia jur\u00eddica i representaci\u00f3 en les Inspeccions de Treball.<\/li>\n<li>Assist\u00e8ncia a CMAC i gesti\u00f3 d\u2019acomiadaments.<\/li>\n<li>Representaci\u00f3 de l\u2019empresa davant els Jutjats pertinents.<\/li>\n<li>Tramitaci\u00f3 de jubilacions, incapacitats, baixes per maternitat.<\/li>\n<li>Servei especialitzat en r\u00e8gims especials (aut\u00f2noms, treballadores de la llar, agrari, artistes&#8230;).<\/li>\n<li>Convenis especials de la Seguretat Social.<\/li>\n<li>Orientaci\u00f3 en mat\u00e8ria de Prevenci\u00f3 de Riscos Laborals i m\u00fatues.<\/li>\n<\/ul>\n<p><\/div>[\/vc_column][\/vc_row][vc_row css_animation=&#8221;&#8221; row_type=&#8221;row&#8221; use_row_as_full_screen_section=&#8221;no&#8221; type=&#8221;full_width&#8221; angled_section=&#8221;no&#8221; text_align=&#8221;center&#8221; background_image_as_pattern=&#8221;without_pattern&#8221; z_index=&#8221;&#8221;][vc_column css_animation=&#8221;bounceIn&#8221; css=&#8221;.vc_custom_1550326504122{margin-bottom: 40px !important;}&#8221;]\n\n\t<a href=\"https:\/\/ariasassessors.com\/ca\/contacte\/\" target=\"_self\" style=\"color: #ffffff;background-color: #19b1e7;font-size: 16px;font-weight: 600;letter-spacing: 3px;margin: 10px auto 20px\" class=\"qode-btn qode-btn-medium qode-btn-solid qode-btn-custom-hover-bg qode-btn-custom-hover-color qode-btn-custom-icon-bg-hover-color qode-btn-icon qode-btn-default-hover\" data-hover-bg-color=\"#1268a0\" data-hover-color=\"#ffffff\" >\n\t    <span class=\"qode-btn-text\">Contacta amb nosaltres<\/span><span class=\"qode-button-v2-icon-holder\" style=\"border-color: #ffffff;background-color: #1268a0\" data-hover-icon-border-color=\"#ffffff\" data-hover-icon-bg-color=\"#19b1e7\"><span aria-hidden=\"true\" class=\"qode_icon_font_elegant arrow_carrot-right qode-button-v2-icon-holder-inner\" ><\/span><\/span>\t<\/a>\n\n[\/vc_column][\/vc_row]<\/p>\n","protected":false},"excerpt":{"rendered":"<p>[vc_row css_animation=&#8221;element_from_bottom&#8221; row_type=&#8221;row&#8221; use_row_as_full_screen_section=&#8221;no&#8221; type=&#8221;full_width&#8221; angled_section=&#8221;no&#8221; text_align=&#8221;left&#8221; background_image_as_pattern=&#8221;without_pattern&#8221; css=&#8221;.vc_custom_1550326473245{margin-top: 80px !important;margin-bottom: 80px !important;}&#8221; z_index=&#8221;&#8221;][vc_column width=&#8221;1\/2&#8243;][vc_single_image image=&#8221;3911&#8243; img_size=&#8221;full&#8221; qode_css_animation=&#8221;&#8221; css=&#8221;.vc_custom_1733932280679{margin-bottom: 40px !important;}&#8221;][\/vc_column][vc_column width=&#8221;1\/2&#8243;][vc_column_text el_class=&#8221;entrada&#8221;]Arias Assessors disposa d\u2019un gabinet t\u00e8cnic professional amb m\u00e9s de 30 anys d\u2019experi\u00e8ncia en la gesti\u00f3 i assessorament en l\u2019\u00e0mbit laboral i en&#8230;<\/p>\n","protected":false},"author":1,"featured_media":0,"parent":0,"menu_order":0,"comment_status":"closed","ping_status":"closed","template":"","meta":{"footnotes":""},"class_list":["post-364","page","type-page","status-publish","hentry"],"yoast_head":"<!-- This site is optimized with the Yoast SEO plugin v24.3 - https:\/\/yoast.com\/wordpress\/plugins\/seo\/ -->\n<title>Asesoramiento Laboral | Servicios de Arias Assessors<\/title>\n<meta name=\"description\" content=\"En Arias Assessors tambi\u00e9n nos dedicamos a la gesti\u00f3n y asesoramiento en el \u00e1mbito laboral y en las relaciones de las empresas con la Seguridad Social.\" \/>\n<meta name=\"robots\" content=\"index, follow, max-snippet:-1, max-image-preview:large, max-video-preview:-1\" \/>\n<link rel=\"canonical\" href=\"https:\/\/www.ariasassessors.com\/ca\/laboral\/\" \/>\n<meta property=\"og:locale\" content=\"ca_ES\" \/>\n<meta property=\"og:type\" content=\"article\" \/>\n<meta property=\"og:title\" content=\"Asesoramiento Laboral | Servicios de Arias Assessors\" \/>\n<meta property=\"og:description\" content=\"En Arias Assessors tambi\u00e9n nos dedicamos a la gesti\u00f3n y asesoramiento en el \u00e1mbito laboral y en las relaciones de las empresas con la Seguridad Social.\" \/>\n<meta property=\"og:url\" content=\"https:\/\/www.ariasassessors.com\/ca\/laboral\/\" \/>\n<meta property=\"og:site_name\" content=\"Arias Assessors\" \/>\n<meta property=\"article:publisher\" content=\"https:\/\/www.facebook.com\/ariasassessors\/\" \/>\n<meta property=\"article:modified_time\" content=\"2024-12-11T15:51:25+00:00\" \/>\n<meta name=\"twitter:card\" content=\"summary_large_image\" \/>\n<meta name=\"twitter:site\" content=\"@ariasassessors\" \/>\n<meta name=\"twitter:label1\" content=\"Temps estimat de lectura\" \/>\n\t<meta name=\"twitter:data1\" content=\"2 minuts\" \/>\n<script type=\"application\/ld+json\" class=\"yoast-schema-graph\">{\"@context\":\"https:\/\/schema.org\",\"@graph\":[{\"@type\":\"WebPage\",\"@id\":\"https:\/\/www.ariasassessors.com\/ca\/laboral\/\",\"url\":\"https:\/\/www.ariasassessors.com\/ca\/laboral\/\",\"name\":\"Asesoramiento Laboral | Servicios de Arias Assessors\",\"isPartOf\":{\"@id\":\"https:\/\/www.ariasassessors.com\/#website\"},\"datePublished\":\"2019-02-03T12:41:41+00:00\",\"dateModified\":\"2024-12-11T15:51:25+00:00\",\"description\":\"En Arias Assessors tambi\u00e9n nos dedicamos a la gesti\u00f3n y asesoramiento en el \u00e1mbito laboral y en las relaciones de las empresas con la Seguridad Social.\",\"breadcrumb\":{\"@id\":\"https:\/\/www.ariasassessors.com\/ca\/laboral\/#breadcrumb\"},\"inLanguage\":\"ca\",\"potentialAction\":[{\"@type\":\"ReadAction\",\"target\":[\"https:\/\/www.ariasassessors.com\/ca\/laboral\/\"]}]},{\"@type\":\"BreadcrumbList\",\"@id\":\"https:\/\/www.ariasassessors.com\/ca\/laboral\/#breadcrumb\",\"itemListElement\":[{\"@type\":\"ListItem\",\"position\":1,\"name\":\"Portada\",\"item\":\"https:\/\/www.ariasassessors.com\/ca\/\"},{\"@type\":\"ListItem\",\"position\":2,\"name\":\"Laboral\"}]},{\"@type\":\"WebSite\",\"@id\":\"https:\/\/www.ariasassessors.com\/#website\",\"url\":\"https:\/\/www.ariasassessors.com\/\",\"name\":\"Arias Assessors\",\"description\":\"Asesor\u00eda para aut\u00f3nomos, profesionales y PYMES\",\"publisher\":{\"@id\":\"https:\/\/www.ariasassessors.com\/#organization\"},\"potentialAction\":[{\"@type\":\"SearchAction\",\"target\":{\"@type\":\"EntryPoint\",\"urlTemplate\":\"https:\/\/www.ariasassessors.com\/?s={search_term_string}\"},\"query-input\":{\"@type\":\"PropertyValueSpecification\",\"valueRequired\":true,\"valueName\":\"search_term_string\"}}],\"inLanguage\":\"ca\"},{\"@type\":\"Organization\",\"@id\":\"https:\/\/www.ariasassessors.com\/#organization\",\"name\":\"Arias Assessors\",\"url\":\"https:\/\/www.ariasassessors.com\/\",\"logo\":{\"@type\":\"ImageObject\",\"inLanguage\":\"ca\",\"@id\":\"https:\/\/www.ariasassessors.com\/#\/schema\/logo\/image\/\",\"url\":\"https:\/\/www.ariasassessors.com\/wp-content\/uploads\/2019\/01\/arias-logo.png\",\"contentUrl\":\"https:\/\/www.ariasassessors.com\/wp-content\/uploads\/2019\/01\/arias-logo.png\",\"width\":349,\"height\":254,\"caption\":\"Arias Assessors\"},\"image\":{\"@id\":\"https:\/\/www.ariasassessors.com\/#\/schema\/logo\/image\/\"},\"sameAs\":[\"https:\/\/www.facebook.com\/ariasassessors\/\",\"https:\/\/x.com\/ariasassessors\",\"https:\/\/www.linkedin.com\/company\/r&amp;amp;r-growing-knowledge\/\"]}]}<\/script>\n<!-- \/ Yoast SEO plugin. -->","yoast_head_json":{"title":"Asesoramiento Laboral | Servicios de Arias Assessors","description":"En Arias Assessors tambi\u00e9n nos dedicamos a la gesti\u00f3n y asesoramiento en el \u00e1mbito laboral y en las relaciones de las empresas con la Seguridad Social.","robots":{"index":"index","follow":"follow","max-snippet":"max-snippet:-1","max-image-preview":"max-image-preview:large","max-video-preview":"max-video-preview:-1"},"canonical":"https:\/\/www.ariasassessors.com\/ca\/laboral\/","og_locale":"ca_ES","og_type":"article","og_title":"Asesoramiento Laboral | Servicios de Arias Assessors","og_description":"En Arias Assessors tambi\u00e9n nos dedicamos a la gesti\u00f3n y asesoramiento en el \u00e1mbito laboral y en las relaciones de las empresas con la Seguridad Social.","og_url":"https:\/\/www.ariasassessors.com\/ca\/laboral\/","og_site_name":"Arias Assessors","article_publisher":"https:\/\/www.facebook.com\/ariasassessors\/","article_modified_time":"2024-12-11T15:51:25+00:00","twitter_card":"summary_large_image","twitter_site":"@ariasassessors","twitter_misc":{"Temps estimat de lectura":"2 minuts"},"schema":{"@context":"https:\/\/schema.org","@graph":[{"@type":"WebPage","@id":"https:\/\/www.ariasassessors.com\/ca\/laboral\/","url":"https:\/\/www.ariasassessors.com\/ca\/laboral\/","name":"Asesoramiento Laboral | Servicios de Arias Assessors","isPartOf":{"@id":"https:\/\/www.ariasassessors.com\/#website"},"datePublished":"2019-02-03T12:41:41+00:00","dateModified":"2024-12-11T15:51:25+00:00","description":"En Arias Assessors tambi\u00e9n nos dedicamos a la gesti\u00f3n y asesoramiento en el \u00e1mbito laboral y en las relaciones de las empresas con la Seguridad Social.","breadcrumb":{"@id":"https:\/\/www.ariasassessors.com\/ca\/laboral\/#breadcrumb"},"inLanguage":"ca","potentialAction":[{"@type":"ReadAction","target":["https:\/\/www.ariasassessors.com\/ca\/laboral\/"]}]},{"@type":"BreadcrumbList","@id":"https:\/\/www.ariasassessors.com\/ca\/laboral\/#breadcrumb","itemListElement":[{"@type":"ListItem","position":1,"name":"Portada","item":"https:\/\/www.ariasassessors.com\/ca\/"},{"@type":"ListItem","position":2,"name":"Laboral"}]},{"@type":"WebSite","@id":"https:\/\/www.ariasassessors.com\/#website","url":"https:\/\/www.ariasassessors.com\/","name":"Arias Assessors","description":"Asesor\u00eda para aut\u00f3nomos, profesionales y PYMES","publisher":{"@id":"https:\/\/www.ariasassessors.com\/#organization"},"potentialAction":[{"@type":"SearchAction","target":{"@type":"EntryPoint","urlTemplate":"https:\/\/www.ariasassessors.com\/?s={search_term_string}"},"query-input":{"@type":"PropertyValueSpecification","valueRequired":true,"valueName":"search_term_string"}}],"inLanguage":"ca"},{"@type":"Organization","@id":"https:\/\/www.ariasassessors.com\/#organization","name":"Arias Assessors","url":"https:\/\/www.ariasassessors.com\/","logo":{"@type":"ImageObject","inLanguage":"ca","@id":"https:\/\/www.ariasassessors.com\/#\/schema\/logo\/image\/","url":"https:\/\/www.ariasassessors.com\/wp-content\/uploads\/2019\/01\/arias-logo.png","contentUrl":"https:\/\/www.ariasassessors.com\/wp-content\/uploads\/2019\/01\/arias-logo.png","width":349,"height":254,"caption":"Arias Assessors"},"image":{"@id":"https:\/\/www.ariasassessors.com\/#\/schema\/logo\/image\/"},"sameAs":["https:\/\/www.facebook.com\/ariasassessors\/","https:\/\/x.com\/ariasassessors","https:\/\/www.linkedin.com\/company\/r&amp;amp;r-growing-knowledge\/"]}]}},"_links":{"self":[{"href":"https:\/\/www.ariasassessors.com\/ca\/wp-json\/wp\/v2\/pages\/364","targetHints":{"allow":["GET"]}}],"collection":[{"href":"https:\/\/www.ariasassessors.com\/ca\/wp-json\/wp\/v2\/pages"}],"about":[{"href":"https:\/\/www.ariasassessors.com\/ca\/wp-json\/wp\/v2\/types\/page"}],"author":[{"embeddable":true,"href":"https:\/\/www.ariasassessors.com\/ca\/wp-json\/wp\/v2\/users\/1"}],"replies":[{"embeddable":true,"href":"https:\/\/www.ariasassessors.com\/ca\/wp-json\/wp\/v2\/comments?post=364"}],"version-history":[{"count":10,"href":"https:\/\/www.ariasassessors.com\/ca\/wp-json\/wp\/v2\/pages\/364\/revisions"}],"predecessor-version":[{"id":3915,"href":"https:\/\/www.ariasassessors.com\/ca\/wp-json\/wp\/v2\/pages\/364\/revisions\/3915"}],"wp:attachment":[{"href":"https:\/\/www.ariasassessors.com\/ca\/wp-json\/wp\/v2\/media?parent=364"}],"curies":[{"name":"wp","href":"https:\/\/api.w.org\/{rel}","templated":true}]}}