{"id":371,"date":"2019-02-07T08:14:01","date_gmt":"2019-02-07T07:14:01","guid":{"rendered":"https:\/\/www.ariasassessors.com\/sociedades\/"},"modified":"2019-03-12T12:47:09","modified_gmt":"2019-03-12T11:47:09","slug":"societats","status":"publish","type":"page","link":"https:\/\/www.ariasassessors.com\/ca\/societats\/","title":{"rendered":"Societats"},"content":{"rendered":"<p>[vc_row css_animation=&#8221;element_from_fade&#8221; row_type=&#8221;row&#8221; use_row_as_full_screen_section=&#8221;no&#8221; type=&#8221;full_width&#8221; angled_section=&#8221;no&#8221; text_align=&#8221;left&#8221; background_image_as_pattern=&#8221;without_pattern&#8221; css=&#8221;.vc_custom_1549524082744{margin-top: 80px !important;margin-bottom: 80px !important;}&#8221; z_index=&#8221;&#8221;][vc_column width=&#8221;1\/2&#8243;][vc_single_image image=&#8221;109&#8243; img_size=&#8221;full&#8221; qode_css_animation=&#8221;&#8221; css=&#8221;.vc_custom_1550155666179{margin-bottom: 40px !important;}&#8221;][\/vc_column][vc_column width=&#8221;1\/2&#8243;][vc_column_text el_class=&#8221;entrada&#8221;]Les societats mercantils estan sotmeses a una particular legislaci\u00f3 que ens obliga a tenir un especial control fiscal, comptable, laboral i mercantil, segons l&#8217;activitat econ\u00f2mica sobre la qual s&#8217;estableixen tot un ventall de relacions entre la societat i les administracions, entre els propis socis que integren la societat i en la relaci\u00f3 que aquesta estableix amb els seus clients i prove\u00efdors, havent de basar-se sempre en la Llei i el compliance empresarial.<\/p>\n<p><strong>Per la seva tranquil\u00b7litat, Arias Assessors disposa de professionals en els diferents \u00e0mbits d&#8217;actuaci\u00f3 en la gesti\u00f3 i assessorament de la seva societat, entre els quals podem destacar els seg\u00fcents:<\/strong>[\/vc_column_text][\/vc_column][\/vc_row][vc_row css_animation=&#8221;element_from_bottom&#8221; row_type=&#8221;row&#8221; use_row_as_full_screen_section=&#8221;no&#8221; type=&#8221;full_width&#8221; angled_section=&#8221;no&#8221; text_align=&#8221;left&#8221; background_image_as_pattern=&#8221;without_pattern&#8221; z_index=&#8221;&#8221;][vc_column width=&#8221;1\/2&#8243; css=&#8221;.vc_custom_1549522758059{margin-bottom: 40px !important;}&#8221;][vc_column_text css=&#8221;.vc_custom_1552390945951{margin-bottom: 20px !important;}&#8221;]<\/p>\n<h2>\u00c0rea fiscal:<\/h2>\n<p>[\/vc_column_text]<div class='q_list circle normal animate_list'><\/p>\n<ul>\n<li>Pol\u00edtica fiscal i planificaci\u00f3 de les operacions.<\/li>\n<li>Assessorament fiscal i atenci\u00f3 de consultes, informaci\u00f3 sobre normativa i resolucions d\u2019inter\u00e8s per als nostres clients.<\/li>\n<li>Tramitaci\u00f3 d\u2019impostos trimestrals, IVA i IRPF, Impostos especials.<br \/>\nIVA intracomunitari, INTRASTAT, exportacions.<\/li>\n<li>Declaracions informatives (model 347, Resum anual IVA i IRPF)<\/li>\n<li>Fiscalitat d\u2019associacions, fundacions, cooperatives i altres entitats mercantils.<\/li>\n<li>Tributs municipals.<\/li>\n<li>Assist\u00e8ncia i representaci\u00f3 en inspeccions fiscals de l\u2019Ag\u00e8ncia Tribut\u00e0ria.<\/li>\n<li>Assessorament i confecci\u00f3 del Impost de Societats.<\/li>\n<li>Repartiment de beneficis, tributaci\u00f3 en IRPF de n\u00f2mines i dividends.<\/li>\n<\/ul>\n<p><\/div>[vc_separator type=&#8221;transparent&#8221; up=&#8221;40&#8243;]\n\n\t<a href=\"https:\/\/ariasassessors.com\/ca\/contacte\/\" target=\"_self\" style=\"color: #ffffff;background-color: #19b1e7;font-size: 16px;font-weight: 600;letter-spacing: 3px;margin: 10px auto 20px\" class=\"qode-btn qode-btn-medium qode-btn-solid qode-btn-custom-hover-bg qode-btn-custom-hover-color qode-btn-custom-icon-bg-hover-color qode-btn-icon qode-btn-default-hover\" data-hover-bg-color=\"#1268a0\" data-hover-color=\"#ffffff\" >\n\t    <span class=\"qode-btn-text\">Contacta amb nosaltres<\/span><span class=\"qode-button-v2-icon-holder\" style=\"border-color: #ffffff;background-color: #1268a0\" data-hover-icon-border-color=\"#ffffff\" data-hover-icon-bg-color=\"#19b1e7\"><span aria-hidden=\"true\" class=\"qode_icon_font_elegant arrow_carrot-right qode-button-v2-icon-holder-inner\" ><\/span><\/span>\t<\/a>\n\n[\/vc_column][vc_column width=&#8221;1\/2&#8243; css=&#8221;.vc_custom_1549523449614{margin-bottom: 40px !important;}&#8221;][vc_column_text css=&#8221;.vc_custom_1552391046233{margin-bottom: 20px !important;}&#8221;]<\/p>\n<h2>\u00c0rea laboral:<\/h2>\n<p>[\/vc_column_text]<div class='q_list circle normal animate_list'><\/p>\n<ul>\n<li>Gesti\u00f3 d\u2019altes, variacions i baixes de treballadors a la Seguretat Social.<\/li>\n<li>Costos de contractaci\u00f3 i estudi de modalitats de contracte de treball m\u00e9s adient per la seva empresa.<\/li>\n<li>Preparaci\u00f3 i confecci\u00f3 de tot tipus de contractes de treball, mercantils i laborals.<\/li>\n<li>Comunicaci\u00f3 al SEPE de nous contractes de treball.<\/li>\n<li>Confecci\u00f3 de n\u00f2mines del personal, de conformitat amb la legislaci\u00f3 vigent segons conveni de treball i sector d\u2019activitat.<\/li>\n<li>Tramitaci\u00f3 dels documents de cotitzaci\u00f3 de l\u2019empresa a la Seguretat Social.<\/li>\n<li>Gesti\u00f3 i comunicaci\u00f3 d\u2019arxius CRA a la Tresoreria General de la Seguretat Social, amb indicaci\u00f3 de tots els conceptes retribu\u00efts abonats als treballadors.<\/li>\n<li>Assist\u00e8ncia jur\u00eddica i representaci\u00f3 en les Inspeccions de Treball.<\/li>\n<li>Assist\u00e8ncia a CMAC i gesti\u00f3 d\u2019acomiadaments.<\/li>\n<\/ul>\n<p><\/div>[vc_separator type=&#8221;transparent&#8221; up=&#8221;40&#8243;]\n\n\t<a href=\"https:\/\/ariasassessors.com\/ca\/contacte\/\" target=\"_self\" style=\"color: #ffffff;background-color: #19b1e7;font-size: 16px;font-weight: 600;letter-spacing: 3px;margin: 10px auto 20px\" class=\"qode-btn qode-btn-medium qode-btn-solid qode-btn-custom-hover-bg qode-btn-custom-hover-color qode-btn-custom-icon-bg-hover-color qode-btn-icon qode-btn-default-hover\" data-hover-bg-color=\"#1268a0\" data-hover-color=\"#ffffff\" >\n\t    <span class=\"qode-btn-text\">Contacta amb nosaltres<\/span><span class=\"qode-button-v2-icon-holder\" style=\"border-color: #ffffff;background-color: #1268a0\" data-hover-icon-border-color=\"#ffffff\" data-hover-icon-bg-color=\"#19b1e7\"><span aria-hidden=\"true\" class=\"qode_icon_font_elegant arrow_carrot-right qode-button-v2-icon-holder-inner\" ><\/span><\/span>\t<\/a>\n\n[\/vc_column][\/vc_row][vc_row css_animation=&#8221;element_from_bottom&#8221; row_type=&#8221;row&#8221; use_row_as_full_screen_section=&#8221;no&#8221; type=&#8221;full_width&#8221; angled_section=&#8221;no&#8221; text_align=&#8221;left&#8221; background_image_as_pattern=&#8221;without_pattern&#8221; z_index=&#8221;&#8221;][vc_column css_animation=&#8221;none&#8221; width=&#8221;1\/2&#8243; css=&#8221;.vc_custom_1550328015606{margin-bottom: 40px !important;}&#8221;][vc_column_text css=&#8221;.vc_custom_1552391107655{margin-bottom: 20px !important;}&#8221;]<\/p>\n<h2>\u00c0rea mercantil:<\/h2>\n<p>[\/vc_column_text]<div class='q_list circle normal animate_list'><\/p>\n<ul>\n<li>Constituci\u00f3 de societats (SL, SA, Cooperatives, Associacions i fundacions).<\/li>\n<li>Acords i operacions societ\u00e0ries (nomenament de c\u00e0rrecs, apoderaments, modificacions estatut\u00e0ries, ampliacions de capital, aprovaci\u00f3 de comptes).<\/li>\n<li>Pactes societaris complementaris als estatuts.<\/li>\n<li>Junta General \/ Consells d\u2019Administraci\u00f3 (convocat\u00f2ria, actes, llibres mercantils).<\/li>\n<li>Compravenda de participacions \/ accions.<\/li>\n<li>Elaboraci\u00f3 de tot tipus de contractes mercantils (distribuci\u00f3, ag\u00e8ncia, franquiciats).<\/li>\n<\/ul>\n<p><\/div>[vc_separator type=&#8221;transparent&#8221; up=&#8221;40&#8243;]\n\n\t<a href=\"https:\/\/ariasassessors.com\/ca\/contacte\/\" target=\"_self\" style=\"color: #ffffff;background-color: #19b1e7;font-size: 16px;font-weight: 600;letter-spacing: 3px;margin: 10px auto 20px\" class=\"qode-btn qode-btn-medium qode-btn-solid qode-btn-custom-hover-bg qode-btn-custom-hover-color qode-btn-custom-icon-bg-hover-color qode-btn-icon qode-btn-default-hover\" data-hover-bg-color=\"#1268a0\" data-hover-color=\"#ffffff\" >\n\t    <span class=\"qode-btn-text\">Contacta amb nosaltres<\/span><span class=\"qode-button-v2-icon-holder\" style=\"border-color: #ffffff;background-color: #1268a0\" data-hover-icon-border-color=\"#ffffff\" data-hover-icon-bg-color=\"#19b1e7\"><span aria-hidden=\"true\" class=\"qode_icon_font_elegant arrow_carrot-right qode-button-v2-icon-holder-inner\" ><\/span><\/span>\t<\/a>\n\n[\/vc_column][vc_column width=&#8221;1\/2&#8243; css=&#8221;.vc_custom_1549523449614{margin-bottom: 40px !important;}&#8221;][vc_column_text css=&#8221;.vc_custom_1552391113723{margin-bottom: 20px !important;}&#8221;]<\/p>\n<h2>\u00c0rea contable:<\/h2>\n<p>[\/vc_column_text]<div class='q_list circle normal animate_list'><\/p>\n<ul>\n<li>Confecci\u00f3 de llibres comptables, assentaments i llibre diari, balan\u00e7 de sumes i saldos, inventari.<\/li>\n<li>Balan\u00e7 de situaci\u00f3 i Compte de P\u00e8rdues i Guanys. An\u00e0lisi de balan\u00e7os i resultat.<\/li>\n<li>Conciliaci\u00f3 banc\u00e0ria i control d\u2019impagaments. Seguiment de tresoreria.<\/li>\n<li>Legalitzaci\u00f3 de llibres comptables i dip\u00f2sit de Comptes Anuals al Registre.<\/li>\n<li>Mercantil corresponent.<\/li>\n<\/ul>\n<p><\/div>[vc_separator type=&#8221;transparent&#8221; up=&#8221;40&#8243;]\n\n\t<a href=\"https:\/\/ariasassessors.com\/ca\/contacte\/\" target=\"_self\" style=\"color: #ffffff;background-color: #19b1e7;font-size: 16px;font-weight: 600;letter-spacing: 3px;margin: 10px auto 20px\" class=\"qode-btn qode-btn-medium qode-btn-solid qode-btn-custom-hover-bg qode-btn-custom-hover-color qode-btn-custom-icon-bg-hover-color qode-btn-icon qode-btn-default-hover\" data-hover-bg-color=\"#1268a0\" data-hover-color=\"#ffffff\" >\n\t    <span class=\"qode-btn-text\">Contacta amb nosaltres<\/span><span class=\"qode-button-v2-icon-holder\" style=\"border-color: #ffffff;background-color: #1268a0\" data-hover-icon-border-color=\"#ffffff\" data-hover-icon-bg-color=\"#19b1e7\"><span aria-hidden=\"true\" class=\"qode_icon_font_elegant arrow_carrot-right qode-button-v2-icon-holder-inner\" ><\/span><\/span>\t<\/a>\n\n[\/vc_column][\/vc_row][vc_row css_animation=&#8221;element_from_bottom&#8221; row_type=&#8221;row&#8221; use_row_as_full_screen_section=&#8221;no&#8221; type=&#8221;full_width&#8221; angled_section=&#8221;no&#8221; text_align=&#8221;left&#8221; background_image_as_pattern=&#8221;without_pattern&#8221; z_index=&#8221;&#8221;][vc_column width=&#8221;1\/2&#8243;][vc_single_image image=&#8221;110&#8243; img_size=&#8221;full&#8221; qode_css_animation=&#8221;&#8221; css=&#8221;.vc_custom_1550155684814{margin-bottom: 40px !important;}&#8221;][\/vc_column][vc_column width=&#8221;1\/2&#8243; css=&#8221;.vc_custom_1549522758059{margin-bottom: 40px !important;}&#8221;][vc_column_text css=&#8221;.vc_custom_1552391191135{margin-bottom: 20px !important;}&#8221;]<\/p>\n<h2>Compliance empresarial:<\/h2>\n<p>A Arias Assessors volem que la seva societat es mantingui en ordre amb les seves obligacions legals, i per tal d\u2019aconseguir-ho, a m\u00e9s dels serveis anteriorment descrits, disposem d\u2019un ampli ventall de serveis addicionals per a la seva societat, com s\u00f3n:[\/vc_column_text]<div class='q_list circle normal animate_list'><\/p>\n<ul>\n<li>Assegurances d\u2019empresa, comer\u00e7 i Responsabilitat Civil.<\/li>\n<li>Assegurances d\u2019accidents de conveni.<\/li>\n<li>Adaptaci\u00f3 de la seva societat a la Llei de Protecci\u00f3 de Dades vigent (nou RGPD).<\/li>\n<li>Prevenci\u00f3 de riscos laborals a l\u2019empresa.<\/li>\n<li>Formaci\u00f3 de treballadors, cursos bonificats Fundaci\u00f3 Tripartita.<\/li>\n<\/ul>\n<p><\/div>[vc_separator type=&#8221;transparent&#8221; up=&#8221;40&#8243;]\n\n\t<a href=\"https:\/\/ariasassessors.com\/ca\/contacte\/\" target=\"_self\" style=\"color: #ffffff;background-color: #19b1e7;font-size: 16px;font-weight: 600;letter-spacing: 3px;margin: 10px auto 20px\" class=\"qode-btn qode-btn-medium qode-btn-solid qode-btn-custom-hover-bg qode-btn-custom-hover-color qode-btn-custom-icon-bg-hover-color qode-btn-icon qode-btn-default-hover\" data-hover-bg-color=\"#1268a0\" data-hover-color=\"#ffffff\" >\n\t    <span class=\"qode-btn-text\">Contacta amb nosaltres<\/span><span class=\"qode-button-v2-icon-holder\" style=\"border-color: #ffffff;background-color: #1268a0\" data-hover-icon-border-color=\"#ffffff\" data-hover-icon-bg-color=\"#19b1e7\"><span aria-hidden=\"true\" class=\"qode_icon_font_elegant arrow_carrot-right qode-button-v2-icon-holder-inner\" ><\/span><\/span>\t<\/a>\n\n[\/vc_column][\/vc_row]<\/p>\n","protected":false},"excerpt":{"rendered":"<p>[vc_row css_animation=&#8221;element_from_fade&#8221; row_type=&#8221;row&#8221; use_row_as_full_screen_section=&#8221;no&#8221; type=&#8221;full_width&#8221; angled_section=&#8221;no&#8221; text_align=&#8221;left&#8221; background_image_as_pattern=&#8221;without_pattern&#8221; css=&#8221;.vc_custom_1549524082744{margin-top: 80px !important;margin-bottom: 80px !important;}&#8221; z_index=&#8221;&#8221;][vc_column width=&#8221;1\/2&#8243;][vc_single_image image=&#8221;109&#8243; img_size=&#8221;full&#8221; qode_css_animation=&#8221;&#8221; css=&#8221;.vc_custom_1550155666179{margin-bottom: 40px !important;}&#8221;][\/vc_column][vc_column width=&#8221;1\/2&#8243;][vc_column_text el_class=&#8221;entrada&#8221;]Les societats mercantils estan sotmeses a una particular legislaci\u00f3 que ens obliga a tenir un especial control fiscal, comptable, laboral i mercantil, segons&#8230;<\/p>\n","protected":false},"author":1,"featured_media":0,"parent":0,"menu_order":0,"comment_status":"closed","ping_status":"closed","template":"","meta":{"footnotes":""},"class_list":["post-371","page","type-page","status-publish","hentry"],"yoast_head":"<!-- This site is optimized with the Yoast SEO plugin v24.3 - https:\/\/yoast.com\/wordpress\/plugins\/seo\/ -->\n<title>Societats | Servicios de Arias Assessors<\/title>\n<meta name=\"description\" content=\"En Arias Assessors contamos con profesionales en los diferentes \u00e1mbitos de actuaci\u00f3n en la gesti\u00f3n y asesoramiento de su sociedad.\" \/>\n<meta name=\"robots\" content=\"index, follow, max-snippet:-1, max-image-preview:large, max-video-preview:-1\" \/>\n<link rel=\"canonical\" href=\"https:\/\/www.ariasassessors.com\/ca\/societats\/\" \/>\n<meta property=\"og:locale\" content=\"ca_ES\" \/>\n<meta property=\"og:type\" content=\"article\" \/>\n<meta property=\"og:title\" content=\"Societats | Servicios de Arias Assessors\" \/>\n<meta property=\"og:description\" content=\"En Arias Assessors contamos con profesionales en los diferentes \u00e1mbitos de actuaci\u00f3n en la gesti\u00f3n y asesoramiento de su sociedad.\" \/>\n<meta property=\"og:url\" content=\"https:\/\/www.ariasassessors.com\/ca\/societats\/\" \/>\n<meta property=\"og:site_name\" content=\"Arias Assessors\" \/>\n<meta property=\"article:publisher\" content=\"https:\/\/www.facebook.com\/ariasassessors\/\" \/>\n<meta property=\"article:modified_time\" content=\"2019-03-12T11:47:09+00:00\" \/>\n<meta name=\"twitter:card\" content=\"summary_large_image\" \/>\n<meta name=\"twitter:site\" content=\"@ariasassessors\" \/>\n<meta name=\"twitter:label1\" content=\"Temps estimat de lectura\" \/>\n\t<meta name=\"twitter:data1\" content=\"6 minuts\" \/>\n<script type=\"application\/ld+json\" class=\"yoast-schema-graph\">{\"@context\":\"https:\/\/schema.org\",\"@graph\":[{\"@type\":\"WebPage\",\"@id\":\"https:\/\/www.ariasassessors.com\/ca\/societats\/\",\"url\":\"https:\/\/www.ariasassessors.com\/ca\/societats\/\",\"name\":\"Societats | Servicios de Arias Assessors\",\"isPartOf\":{\"@id\":\"https:\/\/www.ariasassessors.com\/#website\"},\"datePublished\":\"2019-02-07T07:14:01+00:00\",\"dateModified\":\"2019-03-12T11:47:09+00:00\",\"description\":\"En Arias Assessors contamos con profesionales en los diferentes \u00e1mbitos de actuaci\u00f3n en la gesti\u00f3n y asesoramiento de su sociedad.\",\"breadcrumb\":{\"@id\":\"https:\/\/www.ariasassessors.com\/ca\/societats\/#breadcrumb\"},\"inLanguage\":\"ca\",\"potentialAction\":[{\"@type\":\"ReadAction\",\"target\":[\"https:\/\/www.ariasassessors.com\/ca\/societats\/\"]}]},{\"@type\":\"BreadcrumbList\",\"@id\":\"https:\/\/www.ariasassessors.com\/ca\/societats\/#breadcrumb\",\"itemListElement\":[{\"@type\":\"ListItem\",\"position\":1,\"name\":\"Portada\",\"item\":\"https:\/\/www.ariasassessors.com\/ca\/\"},{\"@type\":\"ListItem\",\"position\":2,\"name\":\"Societats\"}]},{\"@type\":\"WebSite\",\"@id\":\"https:\/\/www.ariasassessors.com\/#website\",\"url\":\"https:\/\/www.ariasassessors.com\/\",\"name\":\"Arias Assessors\",\"description\":\"Asesor\u00eda para aut\u00f3nomos, profesionales y PYMES\",\"publisher\":{\"@id\":\"https:\/\/www.ariasassessors.com\/#organization\"},\"potentialAction\":[{\"@type\":\"SearchAction\",\"target\":{\"@type\":\"EntryPoint\",\"urlTemplate\":\"https:\/\/www.ariasassessors.com\/?s={search_term_string}\"},\"query-input\":{\"@type\":\"PropertyValueSpecification\",\"valueRequired\":true,\"valueName\":\"search_term_string\"}}],\"inLanguage\":\"ca\"},{\"@type\":\"Organization\",\"@id\":\"https:\/\/www.ariasassessors.com\/#organization\",\"name\":\"Arias Assessors\",\"url\":\"https:\/\/www.ariasassessors.com\/\",\"logo\":{\"@type\":\"ImageObject\",\"inLanguage\":\"ca\",\"@id\":\"https:\/\/www.ariasassessors.com\/#\/schema\/logo\/image\/\",\"url\":\"https:\/\/www.ariasassessors.com\/wp-content\/uploads\/2019\/01\/arias-logo.png\",\"contentUrl\":\"https:\/\/www.ariasassessors.com\/wp-content\/uploads\/2019\/01\/arias-logo.png\",\"width\":349,\"height\":254,\"caption\":\"Arias Assessors\"},\"image\":{\"@id\":\"https:\/\/www.ariasassessors.com\/#\/schema\/logo\/image\/\"},\"sameAs\":[\"https:\/\/www.facebook.com\/ariasassessors\/\",\"https:\/\/x.com\/ariasassessors\",\"https:\/\/www.linkedin.com\/company\/r&amp;amp;r-growing-knowledge\/\"]}]}<\/script>\n<!-- \/ Yoast SEO plugin. -->","yoast_head_json":{"title":"Societats | Servicios de Arias Assessors","description":"En Arias Assessors contamos con profesionales en los diferentes \u00e1mbitos de actuaci\u00f3n en la gesti\u00f3n y asesoramiento de su sociedad.","robots":{"index":"index","follow":"follow","max-snippet":"max-snippet:-1","max-image-preview":"max-image-preview:large","max-video-preview":"max-video-preview:-1"},"canonical":"https:\/\/www.ariasassessors.com\/ca\/societats\/","og_locale":"ca_ES","og_type":"article","og_title":"Societats | Servicios de Arias Assessors","og_description":"En Arias Assessors contamos con profesionales en los diferentes \u00e1mbitos de actuaci\u00f3n en la gesti\u00f3n y asesoramiento de su sociedad.","og_url":"https:\/\/www.ariasassessors.com\/ca\/societats\/","og_site_name":"Arias Assessors","article_publisher":"https:\/\/www.facebook.com\/ariasassessors\/","article_modified_time":"2019-03-12T11:47:09+00:00","twitter_card":"summary_large_image","twitter_site":"@ariasassessors","twitter_misc":{"Temps estimat de lectura":"6 minuts"},"schema":{"@context":"https:\/\/schema.org","@graph":[{"@type":"WebPage","@id":"https:\/\/www.ariasassessors.com\/ca\/societats\/","url":"https:\/\/www.ariasassessors.com\/ca\/societats\/","name":"Societats | Servicios de Arias Assessors","isPartOf":{"@id":"https:\/\/www.ariasassessors.com\/#website"},"datePublished":"2019-02-07T07:14:01+00:00","dateModified":"2019-03-12T11:47:09+00:00","description":"En Arias Assessors contamos con profesionales en los diferentes \u00e1mbitos de actuaci\u00f3n en la gesti\u00f3n y asesoramiento de su sociedad.","breadcrumb":{"@id":"https:\/\/www.ariasassessors.com\/ca\/societats\/#breadcrumb"},"inLanguage":"ca","potentialAction":[{"@type":"ReadAction","target":["https:\/\/www.ariasassessors.com\/ca\/societats\/"]}]},{"@type":"BreadcrumbList","@id":"https:\/\/www.ariasassessors.com\/ca\/societats\/#breadcrumb","itemListElement":[{"@type":"ListItem","position":1,"name":"Portada","item":"https:\/\/www.ariasassessors.com\/ca\/"},{"@type":"ListItem","position":2,"name":"Societats"}]},{"@type":"WebSite","@id":"https:\/\/www.ariasassessors.com\/#website","url":"https:\/\/www.ariasassessors.com\/","name":"Arias Assessors","description":"Asesor\u00eda para aut\u00f3nomos, profesionales y PYMES","publisher":{"@id":"https:\/\/www.ariasassessors.com\/#organization"},"potentialAction":[{"@type":"SearchAction","target":{"@type":"EntryPoint","urlTemplate":"https:\/\/www.ariasassessors.com\/?s={search_term_string}"},"query-input":{"@type":"PropertyValueSpecification","valueRequired":true,"valueName":"search_term_string"}}],"inLanguage":"ca"},{"@type":"Organization","@id":"https:\/\/www.ariasassessors.com\/#organization","name":"Arias Assessors","url":"https:\/\/www.ariasassessors.com\/","logo":{"@type":"ImageObject","inLanguage":"ca","@id":"https:\/\/www.ariasassessors.com\/#\/schema\/logo\/image\/","url":"https:\/\/www.ariasassessors.com\/wp-content\/uploads\/2019\/01\/arias-logo.png","contentUrl":"https:\/\/www.ariasassessors.com\/wp-content\/uploads\/2019\/01\/arias-logo.png","width":349,"height":254,"caption":"Arias Assessors"},"image":{"@id":"https:\/\/www.ariasassessors.com\/#\/schema\/logo\/image\/"},"sameAs":["https:\/\/www.facebook.com\/ariasassessors\/","https:\/\/x.com\/ariasassessors","https:\/\/www.linkedin.com\/company\/r&amp;amp;r-growing-knowledge\/"]}]}},"_links":{"self":[{"href":"https:\/\/www.ariasassessors.com\/ca\/wp-json\/wp\/v2\/pages\/371","targetHints":{"allow":["GET"]}}],"collection":[{"href":"https:\/\/www.ariasassessors.com\/ca\/wp-json\/wp\/v2\/pages"}],"about":[{"href":"https:\/\/www.ariasassessors.com\/ca\/wp-json\/wp\/v2\/types\/page"}],"author":[{"embeddable":true,"href":"https:\/\/www.ariasassessors.com\/ca\/wp-json\/wp\/v2\/users\/1"}],"replies":[{"embeddable":true,"href":"https:\/\/www.ariasassessors.com\/ca\/wp-json\/wp\/v2\/comments?post=371"}],"version-history":[{"count":3,"href":"https:\/\/www.ariasassessors.com\/ca\/wp-json\/wp\/v2\/pages\/371\/revisions"}],"predecessor-version":[{"id":375,"href":"https:\/\/www.ariasassessors.com\/ca\/wp-json\/wp\/v2\/pages\/371\/revisions\/375"}],"wp:attachment":[{"href":"https:\/\/www.ariasassessors.com\/ca\/wp-json\/wp\/v2\/media?parent=371"}],"curies":[{"name":"wp","href":"https:\/\/api.w.org\/{rel}","templated":true}]}}