{"id":378,"date":"2019-02-14T14:35:00","date_gmt":"2019-02-14T13:35:00","guid":{"rendered":"https:\/\/www.ariasassessors.com\/autonomos-y-profesionales\/"},"modified":"2019-03-18T09:58:15","modified_gmt":"2019-03-18T08:58:15","slug":"autonoms-i-professionals","status":"publish","type":"page","link":"https:\/\/www.ariasassessors.com\/ca\/autonoms-i-professionals\/","title":{"rendered":"Aut\u00f2noms i professionals"},"content":{"rendered":"<p>[vc_row css_animation=&#8221;element_from_fade&#8221; row_type=&#8221;row&#8221; use_row_as_full_screen_section=&#8221;no&#8221; type=&#8221;full_width&#8221; angled_section=&#8221;no&#8221; text_align=&#8221;left&#8221; background_image_as_pattern=&#8221;without_pattern&#8221; css=&#8221;.vc_custom_1549524082744{margin-top: 80px !important;margin-bottom: 80px !important;}&#8221; z_index=&#8221;&#8221;][vc_column width=&#8221;1\/2&#8243;][vc_single_image image=&#8221;381&#8243; img_size=&#8221;full&#8221; qode_css_animation=&#8221;&#8221; css=&#8221;.vc_custom_1550512318492{margin-bottom: 40px !important;}&#8221;][\/vc_column][vc_column width=&#8221;1\/2&#8243;][vc_column_text css=&#8221;.vc_custom_1552391448482{margin-top: 0px !important;padding-top: 0px !important;}&#8221; el_class=&#8221;entrada&#8221;]Arias Assessors est\u00e0 especialment sensibilitzat amb les necessitats i preocupacions dels <strong>treballadors aut\u00f2noms, freelance i professionals<\/strong>, donat que sovint realitzen una activitat per la qual estan sobradament preparats, per\u00f2 en canvi desconeixen en gran mesura quines s\u00f3n les seves obligacions amb l\u2019Ag\u00e8ncia Tribut\u00e0ria, Seguretat Social i, en definitiva, per tal de complir tota la normativa legal sense pors ni sorpreses desagradables.<\/p>\n<p>Si estant llegint aquesta p\u00e0gina, no dubtin que estan en el lloc correcte. En el nostre despatx ens encarreguem d\u2019orientar-li en el seu negoci i fer-li la vida m\u00e9s f\u00e0cil, volem que es senti c\u00f2mode i tranquil amb nosaltres i els donem un tracte directe i personalitzat, amb la major professionalitat i experi\u00e8ncia de m\u00e9s de 15 anys en la gesti\u00f3 i assessorament de treballadors aut\u00f2noms i professionals. I a m\u00e9s, ens ajustem amb honoraris i serveis d\u2019assessoria i gesti\u00f3.[\/vc_column_text][\/vc_column][\/vc_row][vc_row css_animation=&#8221;&#8221; row_type=&#8221;row&#8221; use_row_as_full_screen_section=&#8221;no&#8221; type=&#8221;full_width&#8221; angled_section=&#8221;no&#8221; text_align=&#8221;center&#8221; background_image_as_pattern=&#8221;without_pattern&#8221; z_index=&#8221;&#8221;][vc_column css=&#8221;.vc_custom_1550150941565{margin-bottom: 20px !important;}&#8221;][vc_column_text css=&#8221;.vc_custom_1552391457376{margin-bottom: 0px !important;}&#8221;]<\/p>\n<h2>Serveis per a aut\u00f2noms i professionals:<\/h2>\n<p>[\/vc_column_text][\/vc_column][\/vc_row][vc_row css_animation=&#8221;&#8221; row_type=&#8221;row&#8221; use_row_as_full_screen_section=&#8221;no&#8221; type=&#8221;full_width&#8221; angled_section=&#8221;no&#8221; text_align=&#8221;left&#8221; background_image_as_pattern=&#8221;without_pattern&#8221;][vc_column width=&#8221;1\/2&#8243; css=&#8221;.vc_custom_1550150948540{margin-bottom: 0px !important;}&#8221;]<div class='q_list circle normal animate_list'><\/p>\n<ul>\n<li>An\u00e0lisi de l\u2019activitat econ\u00f2mica a realitzar, opcions de tributaci\u00f3 m\u00e9s adients per al seu perfil professional \u2013 Estimaci\u00f3 Directa \u2013 Estimaci\u00f3 Objectiu (M\u00f2duls).<\/li>\n<li>Obtenci\u00f3 del certificat digital de persona f\u00edsica. Notificacions telem\u00e0tiques.<\/li>\n<li>Assessorament i tramitaci\u00f3 d\u2019altes com a persona f\u00edsica davant l\u2019Ag\u00e8ncia Tribut\u00e0ria i Seguretat Social.<\/li>\n<li>Informaci\u00f3 pr\u00e8via i tramitaci\u00f3 de bonificacions en la quota d\u2019aut\u00f2noms en el moment de realitzar l\u2019alta en l\u2019activitat.<\/li>\n<li>Flexibilitat total en la gesti\u00f3 de documentaci\u00f3 entre client i assessoria (presencialment, correu electr\u00f2nic, dropbox i altres eines inform\u00e0tiques).<\/li>\n<li>Gesti\u00f3 i assessorament en la presentaci\u00f3 d\u2019impostos trimestrals (IVA-IRPF, retencions de professionals).<\/li>\n<\/ul>\n<p><\/div>[\/vc_column][vc_column width=&#8221;1\/2&#8243; css=&#8221;.vc_custom_1549523449614{margin-bottom: 40px !important;}&#8221;]<div class='q_list circle normal animate_list'><\/p>\n<ul>\n<li>Declaracions informatives (model 347, Resum Anual IVA, model 184 d\u2019entitats en r\u00e8gim d\u2019atribuci\u00f3 de rendes).<\/li>\n<li>Confecci\u00f3 de llibres registre d\u2019ingressos despeses i b\u00e9ns d\u2019inversi\u00f3<\/li>\n<li>Gesti\u00f3 i assessorament en la inclusi\u00f3 al ROI (Registre d\u2019Operadors Intracomunitaris) \u2013 IVA intracomunitari.<\/li>\n<li>Gesti\u00f3 d\u2019apla\u00e7aments de deute i certificacions de corrent de pagament o IAE.<\/li>\n<li>Assessorament i resoluci\u00f3 \u2013 inclosos en quota mensual \u2013 de tot tipus de consultes i requeriments de l\u2019Administraci\u00f3.<\/li>\n<li>Declaraci\u00f3 de Renda IRPF anual pels treballadors aut\u00f2noms.<\/li>\n<li>Tr\u00e0mits administratius amb Ajuntaments.<\/li>\n<li>Representaci\u00f3 davant la Inspecci\u00f3 Fiscal.<\/li>\n<\/ul>\n<p><\/div>[\/vc_column][\/vc_row][vc_row css_animation=&#8221;&#8221; row_type=&#8221;row&#8221; use_row_as_full_screen_section=&#8221;no&#8221; type=&#8221;full_width&#8221; angled_section=&#8221;no&#8221; text_align=&#8221;center&#8221; background_image_as_pattern=&#8221;without_pattern&#8221; z_index=&#8221;&#8221;][vc_column css=&#8221;.vc_custom_1549522758059{margin-bottom: 40px !important;}&#8221;][vc_separator type=&#8221;normal&#8221; up=&#8221;40&#8243; down=&#8221;40&#8243;][vc_column_text css=&#8221;.vc_custom_1552391614538{margin-bottom: 0px !important;}&#8221;]<\/p>\n<h2>Resolgui els seus dubtes i sol\u00b7liciti cita:<\/h2>\n<p>[\/vc_column_text]<div role=\"form\" class=\"wpcf7\" id=\"wpcf7-f533-o1\" lang=\"es-ES\" dir=\"ltr\">\n<div class=\"screen-reader-response\"><p role=\"status\" aria-live=\"polite\" aria-atomic=\"true\"><\/p> <ul><\/ul><\/div>\n<form action=\"\/ca\/wp-json\/wp\/v2\/pages\/378#wpcf7-f533-o1\" method=\"post\" class=\"wpcf7-form init cf7_custom_style_1\" novalidate=\"novalidate\" data-status=\"init\">\n<div style=\"display: none;\">\n<input type=\"hidden\" name=\"_wpcf7\" value=\"533\" \/>\n<input type=\"hidden\" name=\"_wpcf7_version\" value=\"5.5.6\" \/>\n<input type=\"hidden\" name=\"_wpcf7_locale\" value=\"es_ES\" \/>\n<input type=\"hidden\" name=\"_wpcf7_unit_tag\" value=\"wpcf7-f533-o1\" \/>\n<input type=\"hidden\" name=\"_wpcf7_container_post\" value=\"0\" \/>\n<input type=\"hidden\" name=\"_wpcf7_posted_data_hash\" value=\"\" \/>\n<\/div>\n<p><label> El teu nom<br \/>\n    <span class=\"wpcf7-form-control-wrap your-name\"><input type=\"text\" name=\"your-name\" value=\"\" size=\"40\" class=\"wpcf7-form-control wpcf7-text wpcf7-validates-as-required\" aria-required=\"true\" aria-invalid=\"false\" \/><\/span> <\/label><\/p>\n<p><label> El teu mail<br \/>\n    <span class=\"wpcf7-form-control-wrap your-email\"><input type=\"email\" name=\"your-email\" value=\"\" size=\"40\" class=\"wpcf7-form-control wpcf7-text wpcf7-email wpcf7-validates-as-required wpcf7-validates-as-email\" aria-required=\"true\" aria-invalid=\"false\" \/><\/span> <\/label><\/p>\n<p><label> El teu tel\u00e8fon<br \/>\n   <span class=\"wpcf7-form-control-wrap telefono\"><input type=\"tel\" name=\"telefono\" value=\"\" size=\"40\" class=\"wpcf7-form-control wpcf7-text wpcf7-tel wpcf7-validates-as-required wpcf7-validates-as-tel\" aria-required=\"true\" aria-invalid=\"false\" \/><\/span> <\/label><\/p>\n<p><label> La teva consulta<br \/>\n    <span class=\"wpcf7-form-control-wrap your-message\"><textarea name=\"your-message\" cols=\"40\" rows=\"10\" class=\"wpcf7-form-control wpcf7-textarea\" aria-invalid=\"false\"><\/textarea><\/span> <\/label><\/p>\n<p><span class=\"wpcf7-form-control-wrap acceptance-867\"><span class=\"wpcf7-form-control wpcf7-acceptance\"><span class=\"wpcf7-list-item\"><label><input type=\"checkbox\" name=\"acceptance-867\" value=\"1\" aria-invalid=\"false\" \/><span class=\"wpcf7-list-item-label\"><a href=\"https:\/\/ariasassessors.com\/ca\/avis-legal\/\" target=\"_blank\">En activar el check de \"Lectura i acceptaci\u00f3\" de la nostra Pol\u00edtica de Privacitat, vost\u00e8 est\u00e0 indicant que ha llegit, ent\u00e9n, accepta i autoritza totes les cl\u00e0usules especificades per a la recollida, emmagatzematge i el tractament de les seves dades personals.<\/a><\/span><\/label><\/span><\/span><\/span><br \/>\n<span class=\"wpcf7-form-control-wrap checkbox-885\"><span class=\"wpcf7-form-control wpcf7-checkbox\"><span class=\"wpcf7-list-item first last\"><input type=\"checkbox\" name=\"checkbox-885[]\" value=\"Estic d&#039;acord amb Comunicacions comercials M\u00e0rqueting, publicitat i prospecci\u00f3 comercia\" \/><span class=\"wpcf7-list-item-label\">Estic d&#039;acord amb Comunicacions comercials M\u00e0rqueting, publicitat i prospecci\u00f3 comercia<\/span><\/span><\/span><\/span><\/p>\n<p><input type=\"submit\" value=\"Enviar\" class=\"wpcf7-form-control has-spinner wpcf7-submit\" \/><\/p>\n<div class=\"inv-recaptcha-holder\"><\/div><div class=\"wpcf7-response-output\" aria-hidden=\"true\"><\/div><\/form><\/div>[\/vc_column][\/vc_row]<\/p>\n","protected":false},"excerpt":{"rendered":"<p>[vc_row css_animation=&#8221;element_from_fade&#8221; row_type=&#8221;row&#8221; use_row_as_full_screen_section=&#8221;no&#8221; type=&#8221;full_width&#8221; angled_section=&#8221;no&#8221; text_align=&#8221;left&#8221; background_image_as_pattern=&#8221;without_pattern&#8221; css=&#8221;.vc_custom_1549524082744{margin-top: 80px !important;margin-bottom: 80px !important;}&#8221; z_index=&#8221;&#8221;][vc_column width=&#8221;1\/2&#8243;][vc_single_image image=&#8221;381&#8243; img_size=&#8221;full&#8221; qode_css_animation=&#8221;&#8221; css=&#8221;.vc_custom_1550512318492{margin-bottom: 40px !important;}&#8221;][\/vc_column][vc_column width=&#8221;1\/2&#8243;][vc_column_text css=&#8221;.vc_custom_1552391448482{margin-top: 0px !important;padding-top: 0px !important;}&#8221; el_class=&#8221;entrada&#8221;]Arias Assessors est\u00e0 especialment sensibilitzat amb les necessitats i preocupacions dels treballadors aut\u00f2noms, freelance i professionals, donat que&#8230;<\/p>\n","protected":false},"author":1,"featured_media":0,"parent":0,"menu_order":0,"comment_status":"closed","ping_status":"closed","template":"","meta":{"footnotes":""},"class_list":["post-378","page","type-page","status-publish","hentry"],"yoast_head":"<!-- This site is optimized with the Yoast SEO plugin v24.3 - https:\/\/yoast.com\/wordpress\/plugins\/seo\/ -->\n<title>Aut\u00f2noms, freelances i professionals | Arias Assessors<\/title>\n<meta name=\"description\" content=\"Arias Assessors est\u00e0 especialment sensibilitzat amb les necessitats i preocupacions dels treballadors aut\u00f2noms, freelance i professionals\" \/>\n<meta name=\"robots\" content=\"index, follow, max-snippet:-1, max-image-preview:large, max-video-preview:-1\" \/>\n<link rel=\"canonical\" href=\"https:\/\/www.ariasassessors.com\/ca\/autonoms-i-professionals\/\" \/>\n<meta property=\"og:locale\" content=\"ca_ES\" \/>\n<meta property=\"og:type\" content=\"article\" \/>\n<meta property=\"og:title\" content=\"Aut\u00f2noms, freelances i professionals | Arias Assessors\" \/>\n<meta property=\"og:description\" content=\"Arias Assessors est\u00e0 especialment sensibilitzat amb les necessitats i preocupacions dels treballadors aut\u00f2noms, freelance i professionals\" \/>\n<meta property=\"og:url\" content=\"https:\/\/www.ariasassessors.com\/ca\/autonoms-i-professionals\/\" \/>\n<meta property=\"og:site_name\" content=\"Arias Assessors\" \/>\n<meta property=\"article:publisher\" content=\"https:\/\/www.facebook.com\/ariasassessors\/\" \/>\n<meta property=\"article:modified_time\" content=\"2019-03-18T08:58:15+00:00\" \/>\n<meta name=\"twitter:card\" content=\"summary_large_image\" \/>\n<meta name=\"twitter:site\" content=\"@ariasassessors\" \/>\n<meta name=\"twitter:label1\" content=\"Temps estimat de lectura\" \/>\n\t<meta name=\"twitter:data1\" content=\"3 minuts\" \/>\n<script type=\"application\/ld+json\" class=\"yoast-schema-graph\">{\"@context\":\"https:\/\/schema.org\",\"@graph\":[{\"@type\":\"WebPage\",\"@id\":\"https:\/\/www.ariasassessors.com\/ca\/autonoms-i-professionals\/\",\"url\":\"https:\/\/www.ariasassessors.com\/ca\/autonoms-i-professionals\/\",\"name\":\"Aut\u00f2noms, freelances i professionals | Arias Assessors\",\"isPartOf\":{\"@id\":\"https:\/\/www.ariasassessors.com\/#website\"},\"datePublished\":\"2019-02-14T13:35:00+00:00\",\"dateModified\":\"2019-03-18T08:58:15+00:00\",\"description\":\"Arias Assessors est\u00e0 especialment sensibilitzat amb les necessitats i preocupacions dels treballadors aut\u00f2noms, freelance i professionals\",\"breadcrumb\":{\"@id\":\"https:\/\/www.ariasassessors.com\/ca\/autonoms-i-professionals\/#breadcrumb\"},\"inLanguage\":\"ca\",\"potentialAction\":[{\"@type\":\"ReadAction\",\"target\":[\"https:\/\/www.ariasassessors.com\/ca\/autonoms-i-professionals\/\"]}]},{\"@type\":\"BreadcrumbList\",\"@id\":\"https:\/\/www.ariasassessors.com\/ca\/autonoms-i-professionals\/#breadcrumb\",\"itemListElement\":[{\"@type\":\"ListItem\",\"position\":1,\"name\":\"Portada\",\"item\":\"https:\/\/www.ariasassessors.com\/ca\/\"},{\"@type\":\"ListItem\",\"position\":2,\"name\":\"Aut\u00f2noms i professionals\"}]},{\"@type\":\"WebSite\",\"@id\":\"https:\/\/www.ariasassessors.com\/#website\",\"url\":\"https:\/\/www.ariasassessors.com\/\",\"name\":\"Arias Assessors\",\"description\":\"Asesor\u00eda para aut\u00f3nomos, profesionales y PYMES\",\"publisher\":{\"@id\":\"https:\/\/www.ariasassessors.com\/#organization\"},\"potentialAction\":[{\"@type\":\"SearchAction\",\"target\":{\"@type\":\"EntryPoint\",\"urlTemplate\":\"https:\/\/www.ariasassessors.com\/?s={search_term_string}\"},\"query-input\":{\"@type\":\"PropertyValueSpecification\",\"valueRequired\":true,\"valueName\":\"search_term_string\"}}],\"inLanguage\":\"ca\"},{\"@type\":\"Organization\",\"@id\":\"https:\/\/www.ariasassessors.com\/#organization\",\"name\":\"Arias Assessors\",\"url\":\"https:\/\/www.ariasassessors.com\/\",\"logo\":{\"@type\":\"ImageObject\",\"inLanguage\":\"ca\",\"@id\":\"https:\/\/www.ariasassessors.com\/#\/schema\/logo\/image\/\",\"url\":\"https:\/\/www.ariasassessors.com\/wp-content\/uploads\/2019\/01\/arias-logo.png\",\"contentUrl\":\"https:\/\/www.ariasassessors.com\/wp-content\/uploads\/2019\/01\/arias-logo.png\",\"width\":349,\"height\":254,\"caption\":\"Arias Assessors\"},\"image\":{\"@id\":\"https:\/\/www.ariasassessors.com\/#\/schema\/logo\/image\/\"},\"sameAs\":[\"https:\/\/www.facebook.com\/ariasassessors\/\",\"https:\/\/x.com\/ariasassessors\",\"https:\/\/www.linkedin.com\/company\/r&amp;amp;r-growing-knowledge\/\"]}]}<\/script>\n<!-- \/ Yoast SEO plugin. -->","yoast_head_json":{"title":"Aut\u00f2noms, freelances i professionals | Arias Assessors","description":"Arias Assessors est\u00e0 especialment sensibilitzat amb les necessitats i preocupacions dels treballadors aut\u00f2noms, freelance i professionals","robots":{"index":"index","follow":"follow","max-snippet":"max-snippet:-1","max-image-preview":"max-image-preview:large","max-video-preview":"max-video-preview:-1"},"canonical":"https:\/\/www.ariasassessors.com\/ca\/autonoms-i-professionals\/","og_locale":"ca_ES","og_type":"article","og_title":"Aut\u00f2noms, freelances i professionals | Arias Assessors","og_description":"Arias Assessors est\u00e0 especialment sensibilitzat amb les necessitats i preocupacions dels treballadors aut\u00f2noms, freelance i professionals","og_url":"https:\/\/www.ariasassessors.com\/ca\/autonoms-i-professionals\/","og_site_name":"Arias Assessors","article_publisher":"https:\/\/www.facebook.com\/ariasassessors\/","article_modified_time":"2019-03-18T08:58:15+00:00","twitter_card":"summary_large_image","twitter_site":"@ariasassessors","twitter_misc":{"Temps estimat de lectura":"3 minuts"},"schema":{"@context":"https:\/\/schema.org","@graph":[{"@type":"WebPage","@id":"https:\/\/www.ariasassessors.com\/ca\/autonoms-i-professionals\/","url":"https:\/\/www.ariasassessors.com\/ca\/autonoms-i-professionals\/","name":"Aut\u00f2noms, freelances i professionals | Arias Assessors","isPartOf":{"@id":"https:\/\/www.ariasassessors.com\/#website"},"datePublished":"2019-02-14T13:35:00+00:00","dateModified":"2019-03-18T08:58:15+00:00","description":"Arias Assessors est\u00e0 especialment sensibilitzat amb les necessitats i preocupacions dels treballadors aut\u00f2noms, freelance i professionals","breadcrumb":{"@id":"https:\/\/www.ariasassessors.com\/ca\/autonoms-i-professionals\/#breadcrumb"},"inLanguage":"ca","potentialAction":[{"@type":"ReadAction","target":["https:\/\/www.ariasassessors.com\/ca\/autonoms-i-professionals\/"]}]},{"@type":"BreadcrumbList","@id":"https:\/\/www.ariasassessors.com\/ca\/autonoms-i-professionals\/#breadcrumb","itemListElement":[{"@type":"ListItem","position":1,"name":"Portada","item":"https:\/\/www.ariasassessors.com\/ca\/"},{"@type":"ListItem","position":2,"name":"Aut\u00f2noms i professionals"}]},{"@type":"WebSite","@id":"https:\/\/www.ariasassessors.com\/#website","url":"https:\/\/www.ariasassessors.com\/","name":"Arias Assessors","description":"Asesor\u00eda para aut\u00f3nomos, profesionales y PYMES","publisher":{"@id":"https:\/\/www.ariasassessors.com\/#organization"},"potentialAction":[{"@type":"SearchAction","target":{"@type":"EntryPoint","urlTemplate":"https:\/\/www.ariasassessors.com\/?s={search_term_string}"},"query-input":{"@type":"PropertyValueSpecification","valueRequired":true,"valueName":"search_term_string"}}],"inLanguage":"ca"},{"@type":"Organization","@id":"https:\/\/www.ariasassessors.com\/#organization","name":"Arias Assessors","url":"https:\/\/www.ariasassessors.com\/","logo":{"@type":"ImageObject","inLanguage":"ca","@id":"https:\/\/www.ariasassessors.com\/#\/schema\/logo\/image\/","url":"https:\/\/www.ariasassessors.com\/wp-content\/uploads\/2019\/01\/arias-logo.png","contentUrl":"https:\/\/www.ariasassessors.com\/wp-content\/uploads\/2019\/01\/arias-logo.png","width":349,"height":254,"caption":"Arias Assessors"},"image":{"@id":"https:\/\/www.ariasassessors.com\/#\/schema\/logo\/image\/"},"sameAs":["https:\/\/www.facebook.com\/ariasassessors\/","https:\/\/x.com\/ariasassessors","https:\/\/www.linkedin.com\/company\/r&amp;amp;r-growing-knowledge\/"]}]}},"_links":{"self":[{"href":"https:\/\/www.ariasassessors.com\/ca\/wp-json\/wp\/v2\/pages\/378","targetHints":{"allow":["GET"]}}],"collection":[{"href":"https:\/\/www.ariasassessors.com\/ca\/wp-json\/wp\/v2\/pages"}],"about":[{"href":"https:\/\/www.ariasassessors.com\/ca\/wp-json\/wp\/v2\/types\/page"}],"author":[{"embeddable":true,"href":"https:\/\/www.ariasassessors.com\/ca\/wp-json\/wp\/v2\/users\/1"}],"replies":[{"embeddable":true,"href":"https:\/\/www.ariasassessors.com\/ca\/wp-json\/wp\/v2\/comments?post=378"}],"version-history":[{"count":5,"href":"https:\/\/www.ariasassessors.com\/ca\/wp-json\/wp\/v2\/pages\/378\/revisions"}],"predecessor-version":[{"id":540,"href":"https:\/\/www.ariasassessors.com\/ca\/wp-json\/wp\/v2\/pages\/378\/revisions\/540"}],"wp:attachment":[{"href":"https:\/\/www.ariasassessors.com\/ca\/wp-json\/wp\/v2\/media?parent=378"}],"curies":[{"name":"wp","href":"https:\/\/api.w.org\/{rel}","templated":true}]}}