{"id":386,"date":"2019-02-03T12:41:41","date_gmt":"2019-02-03T12:41:41","guid":{"rendered":"https:\/\/www.ariasassessors.com\/particulares\/"},"modified":"2026-01-02T11:18:16","modified_gmt":"2026-01-02T10:18:16","slug":"particulars","status":"publish","type":"page","link":"https:\/\/www.ariasassessors.com\/ca\/particulars\/","title":{"rendered":"Particulars"},"content":{"rendered":"<p>[vc_row css_animation=&#8221;element_from_bottom&#8221; row_type=&#8221;row&#8221; use_row_as_full_screen_section=&#8221;no&#8221; type=&#8221;full_width&#8221; angled_section=&#8221;no&#8221; text_align=&#8221;left&#8221; background_image_as_pattern=&#8221;without_pattern&#8221; css=&#8221;.vc_custom_1550327440744{margin-top: 80px !important;margin-bottom: 80px !important;}&#8221; z_index=&#8221;&#8221;][vc_column width=&#8221;1\/2&#8243;][vc_single_image image=&#8221;4663&#8243; img_size=&#8221;full&#8221; qode_css_animation=&#8221;&#8221; css=&#8221;.vc_custom_1767349089258{margin-bottom: 40px !important;}&#8221;][\/vc_column][vc_column width=&#8221;1\/2&#8243;][vc_column_text css=&#8221;.vc_custom_1733933096534{margin-top: 0px !important;padding-top: 0px !important;}&#8221; el_class=&#8221;entrada&#8221;]A <strong>Arias Assessors<\/strong> no nom\u00e9s respon a les necessitats de les empreses, sin\u00f3 que tamb\u00e9 destinem bona part dels nostres recursos a atendre al ciutad\u00e0 en les seves relacions amb l\u2019administraci\u00f3.<\/p>\n<p>Posem a disposici\u00f3 a m\u00e9s tota una s\u00e8rie de productes i serveis pel seu benestar i el de la seva fam\u00edlia, amb els millors professionals tant a nivell t\u00e8cnic com jur\u00eddic.<\/p>\n<p>Hem arribat a acords amb les millors companyies asseguradores i convenis de col\u00b7laboraci\u00f3 amb les diferents administracions en la gesti\u00f3 i tramitaci\u00f3 d\u2019impostos i requeriments de l\u2019Administraci\u00f3[\/vc_column_text][\/vc_column][\/vc_row][vc_row css_animation=&#8221;element_from_bottom&#8221; row_type=&#8221;row&#8221; use_row_as_full_screen_section=&#8221;no&#8221; type=&#8221;full_width&#8221; angled_section=&#8221;no&#8221; text_align=&#8221;center&#8221; background_image_as_pattern=&#8221;without_pattern&#8221; z_index=&#8221;&#8221;][vc_column css=&#8221;.vc_custom_1550150941565{margin-bottom: 20px !important;}&#8221;][vc_column_text css=&#8221;.vc_custom_1552391949708{margin-bottom: 0px !important;}&#8221;]<\/p>\n<h2>Serveis per a particulars:<\/h2>\n<p>[\/vc_column_text][\/vc_column][\/vc_row][vc_row css_animation=&#8221;element_from_bottom&#8221; row_type=&#8221;row&#8221; use_row_as_full_screen_section=&#8221;no&#8221; type=&#8221;full_width&#8221; angled_section=&#8221;no&#8221; text_align=&#8221;left&#8221; background_image_as_pattern=&#8221;without_pattern&#8221; z_index=&#8221;&#8221;][vc_column width=&#8221;1\/2&#8243; css=&#8221;.vc_custom_1550150948540{margin-bottom: 0px !important;}&#8221;]<div class='q_list circle normal animate_list'><\/p>\n<ul>\n<li>Declaraci\u00f3 Anual de Renda i Patrimoni de les persones f\u00edsiques. Comprovaci\u00f3 i rectificaci\u00f3 d\u2019esborranys. Rendes amb lloguers, accions i dividends, compravenda de finques i activitats econ\u00f2miques.<\/li>\n<li>Declaracions i impostos de No Residents<\/li>\n<li>Tr\u00e0mits administratius amb Ajuntaments. Llic\u00e8ncies, taxes i preus p\u00fablics.<\/li>\n<li>Obtenci\u00f3 del certificat digital per a tr\u00e0mits amb les administracions<\/li>\n<li>Gestions davant la Jefatura de Tr\u00e0fic: informes de vehicles, transfer\u00e8ncies \/ canvis de nom, matriculaci\u00f3 de vehicles. Importacions.<\/li>\n<li>Dret de fam\u00edlia: Her\u00e8ncies, Impost de Successions i Donacions. Testaments.<\/li>\n<li>Tramitaci\u00f3 d\u2019incapacitats i jubilacions.<\/li>\n<\/ul>\n<p><\/div>[\/vc_column][vc_column width=&#8221;1\/2&#8243; css=&#8221;.vc_custom_1549523449614{margin-bottom: 40px !important;}&#8221;]<div class='q_list circle normal animate_list'><\/p>\n<ul>\n<li>Plans d\u2019estalvi i d\u2019inversi\u00f3 a la seva mida. Plans de pensions.<\/li>\n<li>Contractes d\u2019arrendament de vivendes i locals, dip\u00f2sit de fiances a l\u2019INCASOL.<\/li>\n<li>Arrendaments de temporada. Liquidaci\u00f3 de taxa tur\u00edstica.<\/li>\n<li>Contractes de treballadora de la llar.<\/li>\n<li>Tot tipus d\u2019assegurances per a vost\u00e8 i la seva fam\u00edlia (llar, vehicles, vida, PIAS, decessos).<\/li>\n<li>Compravenda d\u2019immobles. Impost de Transmissions Patrimonials.<\/li>\n<li>Tr\u00e0mits notarials i Registre de la Propietat.<\/li>\n<\/ul>\n<p><\/div>[\/vc_column][\/vc_row][vc_row css_animation=&#8221;&#8221; row_type=&#8221;row&#8221; use_row_as_full_screen_section=&#8221;no&#8221; type=&#8221;full_width&#8221; angled_section=&#8221;no&#8221; text_align=&#8221;center&#8221; background_image_as_pattern=&#8221;without_pattern&#8221; z_index=&#8221;&#8221;][vc_column css_animation=&#8221;bounceIn&#8221; css=&#8221;.vc_custom_1550327464786{margin-bottom: 40px !important;}&#8221;]\n\n\t<a href=\"https:\/\/ariasassessors.com\/ca\/contacte\/\" target=\"_self\" style=\"color: #ffffff;background-color: #19b1e7;font-size: 16px;font-weight: 600;letter-spacing: 3px;margin: 10px auto 20px\" class=\"qode-btn qode-btn-medium qode-btn-solid qode-btn-custom-hover-bg qode-btn-custom-hover-color qode-btn-custom-icon-bg-hover-color qode-btn-icon qode-btn-default-hover\" data-hover-bg-color=\"#1268a0\" data-hover-color=\"#ffffff\" >\n\t    <span class=\"qode-btn-text\">Contacta amb nosaltres<\/span><span class=\"qode-button-v2-icon-holder\" style=\"border-color: #ffffff;background-color: #1268a0\" data-hover-icon-border-color=\"#ffffff\" data-hover-icon-bg-color=\"#19b1e7\"><span aria-hidden=\"true\" class=\"qode_icon_font_elegant arrow_carrot-right qode-button-v2-icon-holder-inner\" ><\/span><\/span>\t<\/a>\n\n[\/vc_column][\/vc_row]<\/p>\n","protected":false},"excerpt":{"rendered":"<p>[vc_row css_animation=&#8221;element_from_bottom&#8221; row_type=&#8221;row&#8221; use_row_as_full_screen_section=&#8221;no&#8221; type=&#8221;full_width&#8221; angled_section=&#8221;no&#8221; text_align=&#8221;left&#8221; background_image_as_pattern=&#8221;without_pattern&#8221; css=&#8221;.vc_custom_1550327440744{margin-top: 80px !important;margin-bottom: 80px !important;}&#8221; z_index=&#8221;&#8221;][vc_column width=&#8221;1\/2&#8243;][vc_single_image image=&#8221;4663&#8243; img_size=&#8221;full&#8221; qode_css_animation=&#8221;&#8221; css=&#8221;.vc_custom_1767349089258{margin-bottom: 40px !important;}&#8221;][\/vc_column][vc_column width=&#8221;1\/2&#8243;][vc_column_text css=&#8221;.vc_custom_1733933096534{margin-top: 0px !important;padding-top: 0px !important;}&#8221; el_class=&#8221;entrada&#8221;]A Arias Assessors no nom\u00e9s respon a les necessitats de les empreses, sin\u00f3 que tamb\u00e9 destinem bona part&#8230;<\/p>\n","protected":false},"author":1,"featured_media":0,"parent":0,"menu_order":0,"comment_status":"closed","ping_status":"closed","template":"","meta":{"footnotes":""},"class_list":["post-386","page","type-page","status-publish","hentry"],"yoast_head":"<!-- This site is optimized with the Yoast SEO plugin v24.3 - https:\/\/yoast.com\/wordpress\/plugins\/seo\/ -->\n<title>Servicios para Particulars | Arias Assessors<\/title>\n<meta name=\"description\" content=\"En Arias Assessors tambi\u00e9n destinamos buena parte de nuestros recursos a atender al ciudadano en sus relaciones con la Administraci\u00f3n.\" \/>\n<meta name=\"robots\" content=\"index, follow, max-snippet:-1, max-image-preview:large, max-video-preview:-1\" \/>\n<link rel=\"canonical\" href=\"https:\/\/www.ariasassessors.com\/ca\/particulars\/\" \/>\n<meta property=\"og:locale\" content=\"ca_ES\" \/>\n<meta property=\"og:type\" content=\"article\" \/>\n<meta property=\"og:title\" content=\"Servicios para Particulars | Arias Assessors\" \/>\n<meta property=\"og:description\" content=\"En Arias Assessors tambi\u00e9n destinamos buena parte de nuestros recursos a atender al ciudadano en sus relaciones con la Administraci\u00f3n.\" \/>\n<meta property=\"og:url\" content=\"https:\/\/www.ariasassessors.com\/ca\/particulars\/\" \/>\n<meta property=\"og:site_name\" content=\"Arias Assessors\" \/>\n<meta property=\"article:publisher\" content=\"https:\/\/www.facebook.com\/ariasassessors\/\" \/>\n<meta property=\"article:modified_time\" content=\"2026-01-02T10:18:16+00:00\" \/>\n<meta name=\"twitter:card\" content=\"summary_large_image\" \/>\n<meta name=\"twitter:site\" content=\"@ariasassessors\" \/>\n<meta name=\"twitter:label1\" content=\"Temps estimat de lectura\" \/>\n\t<meta name=\"twitter:data1\" content=\"2 minuts\" \/>\n<script type=\"application\/ld+json\" class=\"yoast-schema-graph\">{\"@context\":\"https:\/\/schema.org\",\"@graph\":[{\"@type\":\"WebPage\",\"@id\":\"https:\/\/www.ariasassessors.com\/ca\/particulars\/\",\"url\":\"https:\/\/www.ariasassessors.com\/ca\/particulars\/\",\"name\":\"Servicios para Particulars | Arias Assessors\",\"isPartOf\":{\"@id\":\"https:\/\/www.ariasassessors.com\/#website\"},\"datePublished\":\"2019-02-03T12:41:41+00:00\",\"dateModified\":\"2026-01-02T10:18:16+00:00\",\"description\":\"En Arias Assessors tambi\u00e9n destinamos buena parte de nuestros recursos a atender al ciudadano en sus relaciones con la Administraci\u00f3n.\",\"breadcrumb\":{\"@id\":\"https:\/\/www.ariasassessors.com\/ca\/particulars\/#breadcrumb\"},\"inLanguage\":\"ca\",\"potentialAction\":[{\"@type\":\"ReadAction\",\"target\":[\"https:\/\/www.ariasassessors.com\/ca\/particulars\/\"]}]},{\"@type\":\"BreadcrumbList\",\"@id\":\"https:\/\/www.ariasassessors.com\/ca\/particulars\/#breadcrumb\",\"itemListElement\":[{\"@type\":\"ListItem\",\"position\":1,\"name\":\"Portada\",\"item\":\"https:\/\/www.ariasassessors.com\/ca\/\"},{\"@type\":\"ListItem\",\"position\":2,\"name\":\"Particulars\"}]},{\"@type\":\"WebSite\",\"@id\":\"https:\/\/www.ariasassessors.com\/#website\",\"url\":\"https:\/\/www.ariasassessors.com\/\",\"name\":\"Arias Assessors\",\"description\":\"Asesor\u00eda para aut\u00f3nomos, profesionales y PYMES\",\"publisher\":{\"@id\":\"https:\/\/www.ariasassessors.com\/#organization\"},\"potentialAction\":[{\"@type\":\"SearchAction\",\"target\":{\"@type\":\"EntryPoint\",\"urlTemplate\":\"https:\/\/www.ariasassessors.com\/?s={search_term_string}\"},\"query-input\":{\"@type\":\"PropertyValueSpecification\",\"valueRequired\":true,\"valueName\":\"search_term_string\"}}],\"inLanguage\":\"ca\"},{\"@type\":\"Organization\",\"@id\":\"https:\/\/www.ariasassessors.com\/#organization\",\"name\":\"Arias Assessors\",\"url\":\"https:\/\/www.ariasassessors.com\/\",\"logo\":{\"@type\":\"ImageObject\",\"inLanguage\":\"ca\",\"@id\":\"https:\/\/www.ariasassessors.com\/#\/schema\/logo\/image\/\",\"url\":\"https:\/\/www.ariasassessors.com\/wp-content\/uploads\/2019\/01\/arias-logo.png\",\"contentUrl\":\"https:\/\/www.ariasassessors.com\/wp-content\/uploads\/2019\/01\/arias-logo.png\",\"width\":349,\"height\":254,\"caption\":\"Arias Assessors\"},\"image\":{\"@id\":\"https:\/\/www.ariasassessors.com\/#\/schema\/logo\/image\/\"},\"sameAs\":[\"https:\/\/www.facebook.com\/ariasassessors\/\",\"https:\/\/x.com\/ariasassessors\",\"https:\/\/www.linkedin.com\/company\/r&amp;amp;r-growing-knowledge\/\"]}]}<\/script>\n<!-- \/ Yoast SEO plugin. -->","yoast_head_json":{"title":"Servicios para Particulars | Arias Assessors","description":"En Arias Assessors tambi\u00e9n destinamos buena parte de nuestros recursos a atender al ciudadano en sus relaciones con la Administraci\u00f3n.","robots":{"index":"index","follow":"follow","max-snippet":"max-snippet:-1","max-image-preview":"max-image-preview:large","max-video-preview":"max-video-preview:-1"},"canonical":"https:\/\/www.ariasassessors.com\/ca\/particulars\/","og_locale":"ca_ES","og_type":"article","og_title":"Servicios para Particulars | Arias Assessors","og_description":"En Arias Assessors tambi\u00e9n destinamos buena parte de nuestros recursos a atender al ciudadano en sus relaciones con la Administraci\u00f3n.","og_url":"https:\/\/www.ariasassessors.com\/ca\/particulars\/","og_site_name":"Arias Assessors","article_publisher":"https:\/\/www.facebook.com\/ariasassessors\/","article_modified_time":"2026-01-02T10:18:16+00:00","twitter_card":"summary_large_image","twitter_site":"@ariasassessors","twitter_misc":{"Temps estimat de lectura":"2 minuts"},"schema":{"@context":"https:\/\/schema.org","@graph":[{"@type":"WebPage","@id":"https:\/\/www.ariasassessors.com\/ca\/particulars\/","url":"https:\/\/www.ariasassessors.com\/ca\/particulars\/","name":"Servicios para Particulars | Arias Assessors","isPartOf":{"@id":"https:\/\/www.ariasassessors.com\/#website"},"datePublished":"2019-02-03T12:41:41+00:00","dateModified":"2026-01-02T10:18:16+00:00","description":"En Arias Assessors tambi\u00e9n destinamos buena parte de nuestros recursos a atender al ciudadano en sus relaciones con la Administraci\u00f3n.","breadcrumb":{"@id":"https:\/\/www.ariasassessors.com\/ca\/particulars\/#breadcrumb"},"inLanguage":"ca","potentialAction":[{"@type":"ReadAction","target":["https:\/\/www.ariasassessors.com\/ca\/particulars\/"]}]},{"@type":"BreadcrumbList","@id":"https:\/\/www.ariasassessors.com\/ca\/particulars\/#breadcrumb","itemListElement":[{"@type":"ListItem","position":1,"name":"Portada","item":"https:\/\/www.ariasassessors.com\/ca\/"},{"@type":"ListItem","position":2,"name":"Particulars"}]},{"@type":"WebSite","@id":"https:\/\/www.ariasassessors.com\/#website","url":"https:\/\/www.ariasassessors.com\/","name":"Arias Assessors","description":"Asesor\u00eda para aut\u00f3nomos, profesionales y PYMES","publisher":{"@id":"https:\/\/www.ariasassessors.com\/#organization"},"potentialAction":[{"@type":"SearchAction","target":{"@type":"EntryPoint","urlTemplate":"https:\/\/www.ariasassessors.com\/?s={search_term_string}"},"query-input":{"@type":"PropertyValueSpecification","valueRequired":true,"valueName":"search_term_string"}}],"inLanguage":"ca"},{"@type":"Organization","@id":"https:\/\/www.ariasassessors.com\/#organization","name":"Arias Assessors","url":"https:\/\/www.ariasassessors.com\/","logo":{"@type":"ImageObject","inLanguage":"ca","@id":"https:\/\/www.ariasassessors.com\/#\/schema\/logo\/image\/","url":"https:\/\/www.ariasassessors.com\/wp-content\/uploads\/2019\/01\/arias-logo.png","contentUrl":"https:\/\/www.ariasassessors.com\/wp-content\/uploads\/2019\/01\/arias-logo.png","width":349,"height":254,"caption":"Arias Assessors"},"image":{"@id":"https:\/\/www.ariasassessors.com\/#\/schema\/logo\/image\/"},"sameAs":["https:\/\/www.facebook.com\/ariasassessors\/","https:\/\/x.com\/ariasassessors","https:\/\/www.linkedin.com\/company\/r&amp;amp;r-growing-knowledge\/"]}]}},"_links":{"self":[{"href":"https:\/\/www.ariasassessors.com\/ca\/wp-json\/wp\/v2\/pages\/386","targetHints":{"allow":["GET"]}}],"collection":[{"href":"https:\/\/www.ariasassessors.com\/ca\/wp-json\/wp\/v2\/pages"}],"about":[{"href":"https:\/\/www.ariasassessors.com\/ca\/wp-json\/wp\/v2\/types\/page"}],"author":[{"embeddable":true,"href":"https:\/\/www.ariasassessors.com\/ca\/wp-json\/wp\/v2\/users\/1"}],"replies":[{"embeddable":true,"href":"https:\/\/www.ariasassessors.com\/ca\/wp-json\/wp\/v2\/comments?post=386"}],"version-history":[{"count":13,"href":"https:\/\/www.ariasassessors.com\/ca\/wp-json\/wp\/v2\/pages\/386\/revisions"}],"predecessor-version":[{"id":4666,"href":"https:\/\/www.ariasassessors.com\/ca\/wp-json\/wp\/v2\/pages\/386\/revisions\/4666"}],"wp:attachment":[{"href":"https:\/\/www.ariasassessors.com\/ca\/wp-json\/wp\/v2\/media?parent=386"}],"curies":[{"name":"wp","href":"https:\/\/api.w.org\/{rel}","templated":true}]}}