{"id":437,"date":"2019-02-03T15:41:01","date_gmt":"2019-02-03T14:41:01","guid":{"rendered":"https:\/\/www.ariasassessors.com\/cookies\/"},"modified":"2019-03-13T15:29:18","modified_gmt":"2019-03-13T14:29:18","slug":"cookies","status":"publish","type":"page","link":"https:\/\/www.ariasassessors.com\/ca\/cookies\/","title":{"rendered":"Cookies"},"content":{"rendered":"<p>[vc_row css_animation=&#8221;&#8221; row_type=&#8221;row&#8221; use_row_as_full_screen_section=&#8221;no&#8221; type=&#8221;full_width&#8221; angled_section=&#8221;no&#8221; text_align=&#8221;left&#8221; background_image_as_pattern=&#8221;without_pattern&#8221;][vc_column][vc_column_text]<\/p>\n<h2><strong>POLITICA DE COOKIES<\/strong><\/h2>\n<p>En compliment del disposat en l\u2019article 22.2 de la Llei 34\/2002 de Serveis de la Societat de la Informaci\u00f3 i Comer\u00e7 Electr\u00f2nic, al continuar amb la navegaci\u00f3 est\u00e0 donant el seu consentiment per a la recollida i tractament d\u2019aquestes cookies. Per aquest motiu, \u00e9s important que llegeixi aquesta pol\u00edtica de Cookies i que comprengui que en cas de continuar amb la navegaci\u00f3, accepta l\u00b4\u00fas d\u2019aquestes.<\/p>\n<h3>QUE S\u00d3N LES COOKIES?<\/h3>\n<p>Una cookie \u00e9s un fitxer que es descarrega en el seu ordinador a l\u2019accedir a determinades p\u00e0gines web. Les cookies permeten a una p\u00e0gina web, entre d\u2019altres, a emmagatzemar i recuperar informaci\u00f3\u00a0 sobre els h\u00e0bits de navegaci\u00f3 d\u2019un usuari o del seu equip i, depenent de la informaci\u00f3 que continguin i de la manera en que s\u2019utilitzi el seu equip, poden utilitzar-se per recon\u00e8ixer l\u2019usuari.<\/p>\n<h3>QUIN TIPUS DE COOKIES UTILITZA AQUESTA P\u00c0GINA WEB?<\/h3>\n<p>ariasassessors.com utilitza les seg\u00fcents tipus de cookies:<\/p>\n<ul>\n<li>Cookies d\u2019an\u00e0lisi: s\u00f3n aquelles que o b\u00e9 tractades per nosaltres o per tercers, ens permet quantificar el nombre d\u2019usuaris i aix\u00ed realitzar la mesura i an\u00e0lisi estad\u00edstic de la utilitzaci\u00f3 que fan els usuaris del nostre servei ofert. Amb aquesta finalitat s\u2019analitza la seva navegaci\u00f3 en la nostra p\u00e0gina web amb el prop\u00f2sit de millorar l\u2019oferta de productes o serveis que oferim<\/li>\n<li>Cookies t\u00e8cniques: S\u00f3n aquelles que permeten a l\u2019usuari la navegaci\u00f3 a trav\u00e9s de l\u2019\u00e0rea restringida i la utilitzaci\u00f3 de les seves diferents funcions, com per exemple, modificar el proc\u00e9s de compra d\u2019un article.<\/li>\n<li>Cookies de personalitzaci\u00f3: s\u00f3n aquelles que permeten a l\u2019usuari accedir al servei amb algunes caracter\u00edstiques de car\u00e0cter general predefinides en funci\u00f3 de una s\u00e8rie de criteris en el terminal de l\u2019usuari, com per exemple serien l\u2019idioma o el tipus de navegador a trav\u00e9s del qual es connecta al servei.<\/li>\n<li>Cookies publicit\u00e0ries: s\u00f3n aquelles que, o b\u00e9 tractades per aquesta web o b\u00e9 per tercers, permeten gestionar de manera m\u00e9s efica\u00e7 l\u2019oferta dels espais publicitaris que hi hagi en la p\u00e0gina web, adequant el contingut de l\u2019anunci al contingut del servei sol\u00b7licitat o a l\u2019\u00fas que realitzi de la nostra p\u00e0gina web. Amb aquesta finalitat podem analitzar els seus h\u00e0bits de navegaci\u00f3 a Internet i podem mostrar publicitat relacionada amb el seu perfil de navegaci\u00f3.<\/li>\n<li>Cookies de publicitat segons comportament:\u00a0 s\u00f3n aquelles que permeten la gesti\u00f3, de la manera m\u00e9s efica\u00e7 possible, dels espais publicitaris que, en el seu cas, l\u2019editor hagi incl\u00f2s en una p\u00e0gina web, aplicaci\u00f3 o plataforma des de la que es presta el servei sol\u00b7licitat. Aquest tipus de cookies emmagatzemen informaci\u00f3 del comportament dels visitants obtinguda a trav\u00e9s de l\u2019observaci\u00f3 continuada dels seus h\u00e0bits de navegaci\u00f3, cosa que permet desenvolupar un perfil espec\u00edfic per mostrar avisos publicitaris en funci\u00f3 del mateix.<\/li>\n<\/ul>\n<p>&nbsp;<\/p>\n<h3>DESACTIVAR LES COOKIES<\/h3>\n<p>Com a usuari pot permetre, bloquejar o eliminar les cookies instal\u00b7lades en el seu equip mitjan\u00e7ant la configuraci\u00f3 de les opcions del navegador instal\u00b7lat en el seu ordinador.<\/p>\n<p>En la majoria dels navegadors web s\u2019ofereix la possibilitat de permetre, bloquejar o eliminar les cookies instal\u00b7lades al seu equip.<\/p>\n<p>A continuaci\u00f3 pots accedir a la configuraci\u00f3 dels navegadors web m\u00e9s freq\u00fcents per acceptar, instal\u00b7lar o desactivar les cookies:<\/p>\n<ul>\n<li><a href=\"https:\/\/support.google.com\/chrome\/answer\/95647?hl=es\" target=\"_blank\" rel=\"noopener noreferrer\">Configurar cookies en Google Chrome<\/a><\/li>\n<li><a href=\"http:\/\/windows.microsoft.com\/es-es\/windows7\/how-to-manage-cookies-in-internet-explorer-9\" target=\"_blank\" rel=\"noopener noreferrer\">Configurar cookies en Microsoft Internet Explorer<\/a><\/li>\n<li><a href=\"https:\/\/support.mozilla.org\/es\/kb\/habilitar-y-deshabilitar-cookies-sitios-web-rastrear-preferencias?redirectlocale=es&amp;redirectslug=habilitar-y-deshabilitar-cookies-que-los-sitios-we\" target=\"_blank\" rel=\"noopener noreferrer\">Configurar cookies en Mozilla Firefox<\/a><\/li>\n<li><a href=\"https:\/\/support.apple.com\/es-es\/HT201265\" target=\"_blank\" rel=\"noopener noreferrer\">Configurar cookies en Safari (Apple)<\/a><\/li>\n<\/ul>\n<p>&nbsp;<\/p>\n<h3>COOKIES DE TERCERS<\/h3>\n<p>ariasassessors.com utilitza serveis de tercers per recopilar informaci\u00f3 amb finalitats estad\u00edstiques i d\u2019utilitzaci\u00f3 de la web, i per a la prestaci\u00f3 d\u2019altres serveis relacionats amb l\u2019activitat del Website i altres serveis d\u2019Internet.<\/p>\n<p>En particular, ariasassessors.com utilitza Google Analytics, un servei anal\u00edtic de web prestat per Google, Inc. Amb domicili als Estats Units i seu central a 1600 Amphitheatre Parkway, Mountain View, California 94043. Per a la prestaci\u00f3 d\u2019aquests serveis, aquests utilitzen cookies que recopilen la informaci\u00f3, inclosa la direcci\u00f3 IP de l\u2019usuari, que ser\u00e0 transmesa, tractada i emmagatzemada per Google en els termes fixats en la Web Google.com.<br \/>\nIncloent la possible transmissi\u00f3 de la citada informaci\u00f3 a tercers per raons d\u2019exig\u00e8ncia legal o quan els citats tercers processin la informaci\u00f3 per compte de Google.<\/p>\n<p>A m\u00e9s, ariasassessors.com inclou altres funcionalitats proporcionades per tercers. Informar que l\u2019usuari pot f\u00e0cilment compartir el contingut en xarxes socials com Facebook, Twitter o Google +. Amb els botons que hem incl\u00f2s a tal efecte.<\/p>\n<h3>ADVERTENCIA SOBRE ELIMINAR COOKIES<\/h3>\n<p>L\u2019usuari pot eliminar i bloquejar totes les cookies d\u2019aquest lloc, per part del lloc no funcionar\u00e0 o la qualitat de la p\u00e0gina web podr\u00e0 veure\u2019s afectada.<br \/>\nSe tens qualsevol dubte sobre la nostra pol\u00edtica de cookies, podeu contactar a trav\u00e9s de <a href=\"mailto:info@ariasassessors.com\">info@ariasassessors.com<\/a><\/p>\n<h3>CONTACTE<\/h3>\n<p>En cas que un usuari o visitant d\u2019ariasassessors.com tingui qualsevol tipus de consulta sobre la nostra Pol\u00edtica de Cookies, pot contactar a trav\u00e9s de <a href=\"mailto:info@ariasassessors.com\">info@ariasassessors.com<\/a> i l\u2019atendrem el m\u00e9s aviat possible.<\/p>\n<p>[\/vc_column_text][\/vc_column][\/vc_row]<\/p>\n","protected":false},"excerpt":{"rendered":"<p>[vc_row css_animation=&#8221;&#8221; row_type=&#8221;row&#8221; use_row_as_full_screen_section=&#8221;no&#8221; type=&#8221;full_width&#8221; angled_section=&#8221;no&#8221; text_align=&#8221;left&#8221; background_image_as_pattern=&#8221;without_pattern&#8221;][vc_column][vc_column_text] POLITICA DE COOKIES En compliment del disposat en l\u2019article 22.2 de la Llei 34\/2002 de Serveis de la Societat de la Informaci\u00f3 i Comer\u00e7 Electr\u00f2nic, al continuar amb la navegaci\u00f3 est\u00e0 donant el seu consentiment per a&#8230;<\/p>\n","protected":false},"author":1,"featured_media":0,"parent":0,"menu_order":0,"comment_status":"closed","ping_status":"closed","template":"","meta":{"footnotes":""},"class_list":["post-437","page","type-page","status-publish","hentry"],"yoast_head":"<!-- This site is optimized with the Yoast SEO plugin v24.3 - https:\/\/yoast.com\/wordpress\/plugins\/seo\/ -->\n<title>Cookies | Arias Assessors<\/title>\n<meta name=\"robots\" content=\"index, follow, max-snippet:-1, max-image-preview:large, max-video-preview:-1\" \/>\n<link rel=\"canonical\" href=\"https:\/\/www.ariasassessors.com\/ca\/cookies\/\" \/>\n<meta property=\"og:locale\" content=\"ca_ES\" \/>\n<meta property=\"og:type\" content=\"article\" \/>\n<meta property=\"og:title\" content=\"Cookies | Arias Assessors\" \/>\n<meta property=\"og:description\" content=\"[vc_row css_animation=&#8221;&#8221; row_type=&#8221;row&#8221; use_row_as_full_screen_section=&#8221;no&#8221; type=&#8221;full_width&#8221; angled_section=&#8221;no&#8221; text_align=&#8221;left&#8221; background_image_as_pattern=&#8221;without_pattern&#8221;][vc_column][vc_column_text] POLITICA DE COOKIES En compliment del disposat en l\u2019article 22.2 de la Llei 34\/2002 de Serveis de la Societat de la Informaci\u00f3 i Comer\u00e7 Electr\u00f2nic, al continuar amb la navegaci\u00f3 est\u00e0 donant el seu consentiment per a...\" \/>\n<meta property=\"og:url\" content=\"https:\/\/www.ariasassessors.com\/ca\/cookies\/\" \/>\n<meta property=\"og:site_name\" content=\"Arias Assessors\" \/>\n<meta property=\"article:publisher\" content=\"https:\/\/www.facebook.com\/ariasassessors\/\" \/>\n<meta property=\"article:modified_time\" content=\"2019-03-13T14:29:18+00:00\" \/>\n<meta name=\"twitter:card\" content=\"summary_large_image\" \/>\n<meta name=\"twitter:site\" content=\"@ariasassessors\" \/>\n<meta name=\"twitter:label1\" content=\"Temps estimat de lectura\" \/>\n\t<meta name=\"twitter:data1\" content=\"5 minuts\" \/>\n<script type=\"application\/ld+json\" class=\"yoast-schema-graph\">{\"@context\":\"https:\/\/schema.org\",\"@graph\":[{\"@type\":\"WebPage\",\"@id\":\"https:\/\/www.ariasassessors.com\/ca\/cookies\/\",\"url\":\"https:\/\/www.ariasassessors.com\/ca\/cookies\/\",\"name\":\"Cookies | Arias Assessors\",\"isPartOf\":{\"@id\":\"https:\/\/www.ariasassessors.com\/#website\"},\"datePublished\":\"2019-02-03T14:41:01+00:00\",\"dateModified\":\"2019-03-13T14:29:18+00:00\",\"breadcrumb\":{\"@id\":\"https:\/\/www.ariasassessors.com\/ca\/cookies\/#breadcrumb\"},\"inLanguage\":\"ca\",\"potentialAction\":[{\"@type\":\"ReadAction\",\"target\":[\"https:\/\/www.ariasassessors.com\/ca\/cookies\/\"]}]},{\"@type\":\"BreadcrumbList\",\"@id\":\"https:\/\/www.ariasassessors.com\/ca\/cookies\/#breadcrumb\",\"itemListElement\":[{\"@type\":\"ListItem\",\"position\":1,\"name\":\"Portada\",\"item\":\"https:\/\/www.ariasassessors.com\/ca\/\"},{\"@type\":\"ListItem\",\"position\":2,\"name\":\"Cookies\"}]},{\"@type\":\"WebSite\",\"@id\":\"https:\/\/www.ariasassessors.com\/#website\",\"url\":\"https:\/\/www.ariasassessors.com\/\",\"name\":\"Arias Assessors\",\"description\":\"Asesor\u00eda para aut\u00f3nomos, profesionales y PYMES\",\"publisher\":{\"@id\":\"https:\/\/www.ariasassessors.com\/#organization\"},\"potentialAction\":[{\"@type\":\"SearchAction\",\"target\":{\"@type\":\"EntryPoint\",\"urlTemplate\":\"https:\/\/www.ariasassessors.com\/?s={search_term_string}\"},\"query-input\":{\"@type\":\"PropertyValueSpecification\",\"valueRequired\":true,\"valueName\":\"search_term_string\"}}],\"inLanguage\":\"ca\"},{\"@type\":\"Organization\",\"@id\":\"https:\/\/www.ariasassessors.com\/#organization\",\"name\":\"Arias Assessors\",\"url\":\"https:\/\/www.ariasassessors.com\/\",\"logo\":{\"@type\":\"ImageObject\",\"inLanguage\":\"ca\",\"@id\":\"https:\/\/www.ariasassessors.com\/#\/schema\/logo\/image\/\",\"url\":\"https:\/\/www.ariasassessors.com\/wp-content\/uploads\/2019\/01\/arias-logo.png\",\"contentUrl\":\"https:\/\/www.ariasassessors.com\/wp-content\/uploads\/2019\/01\/arias-logo.png\",\"width\":349,\"height\":254,\"caption\":\"Arias Assessors\"},\"image\":{\"@id\":\"https:\/\/www.ariasassessors.com\/#\/schema\/logo\/image\/\"},\"sameAs\":[\"https:\/\/www.facebook.com\/ariasassessors\/\",\"https:\/\/x.com\/ariasassessors\",\"https:\/\/www.linkedin.com\/company\/r&amp;amp;r-growing-knowledge\/\"]}]}<\/script>\n<!-- \/ Yoast SEO plugin. -->","yoast_head_json":{"title":"Cookies | Arias Assessors","robots":{"index":"index","follow":"follow","max-snippet":"max-snippet:-1","max-image-preview":"max-image-preview:large","max-video-preview":"max-video-preview:-1"},"canonical":"https:\/\/www.ariasassessors.com\/ca\/cookies\/","og_locale":"ca_ES","og_type":"article","og_title":"Cookies | Arias Assessors","og_description":"[vc_row css_animation=&#8221;&#8221; row_type=&#8221;row&#8221; use_row_as_full_screen_section=&#8221;no&#8221; type=&#8221;full_width&#8221; angled_section=&#8221;no&#8221; text_align=&#8221;left&#8221; background_image_as_pattern=&#8221;without_pattern&#8221;][vc_column][vc_column_text] POLITICA DE COOKIES En compliment del disposat en l\u2019article 22.2 de la Llei 34\/2002 de Serveis de la Societat de la Informaci\u00f3 i Comer\u00e7 Electr\u00f2nic, al continuar amb la navegaci\u00f3 est\u00e0 donant el seu consentiment per a...","og_url":"https:\/\/www.ariasassessors.com\/ca\/cookies\/","og_site_name":"Arias Assessors","article_publisher":"https:\/\/www.facebook.com\/ariasassessors\/","article_modified_time":"2019-03-13T14:29:18+00:00","twitter_card":"summary_large_image","twitter_site":"@ariasassessors","twitter_misc":{"Temps estimat de lectura":"5 minuts"},"schema":{"@context":"https:\/\/schema.org","@graph":[{"@type":"WebPage","@id":"https:\/\/www.ariasassessors.com\/ca\/cookies\/","url":"https:\/\/www.ariasassessors.com\/ca\/cookies\/","name":"Cookies | Arias Assessors","isPartOf":{"@id":"https:\/\/www.ariasassessors.com\/#website"},"datePublished":"2019-02-03T14:41:01+00:00","dateModified":"2019-03-13T14:29:18+00:00","breadcrumb":{"@id":"https:\/\/www.ariasassessors.com\/ca\/cookies\/#breadcrumb"},"inLanguage":"ca","potentialAction":[{"@type":"ReadAction","target":["https:\/\/www.ariasassessors.com\/ca\/cookies\/"]}]},{"@type":"BreadcrumbList","@id":"https:\/\/www.ariasassessors.com\/ca\/cookies\/#breadcrumb","itemListElement":[{"@type":"ListItem","position":1,"name":"Portada","item":"https:\/\/www.ariasassessors.com\/ca\/"},{"@type":"ListItem","position":2,"name":"Cookies"}]},{"@type":"WebSite","@id":"https:\/\/www.ariasassessors.com\/#website","url":"https:\/\/www.ariasassessors.com\/","name":"Arias Assessors","description":"Asesor\u00eda para aut\u00f3nomos, profesionales y PYMES","publisher":{"@id":"https:\/\/www.ariasassessors.com\/#organization"},"potentialAction":[{"@type":"SearchAction","target":{"@type":"EntryPoint","urlTemplate":"https:\/\/www.ariasassessors.com\/?s={search_term_string}"},"query-input":{"@type":"PropertyValueSpecification","valueRequired":true,"valueName":"search_term_string"}}],"inLanguage":"ca"},{"@type":"Organization","@id":"https:\/\/www.ariasassessors.com\/#organization","name":"Arias Assessors","url":"https:\/\/www.ariasassessors.com\/","logo":{"@type":"ImageObject","inLanguage":"ca","@id":"https:\/\/www.ariasassessors.com\/#\/schema\/logo\/image\/","url":"https:\/\/www.ariasassessors.com\/wp-content\/uploads\/2019\/01\/arias-logo.png","contentUrl":"https:\/\/www.ariasassessors.com\/wp-content\/uploads\/2019\/01\/arias-logo.png","width":349,"height":254,"caption":"Arias Assessors"},"image":{"@id":"https:\/\/www.ariasassessors.com\/#\/schema\/logo\/image\/"},"sameAs":["https:\/\/www.facebook.com\/ariasassessors\/","https:\/\/x.com\/ariasassessors","https:\/\/www.linkedin.com\/company\/r&amp;amp;r-growing-knowledge\/"]}]}},"_links":{"self":[{"href":"https:\/\/www.ariasassessors.com\/ca\/wp-json\/wp\/v2\/pages\/437","targetHints":{"allow":["GET"]}}],"collection":[{"href":"https:\/\/www.ariasassessors.com\/ca\/wp-json\/wp\/v2\/pages"}],"about":[{"href":"https:\/\/www.ariasassessors.com\/ca\/wp-json\/wp\/v2\/types\/page"}],"author":[{"embeddable":true,"href":"https:\/\/www.ariasassessors.com\/ca\/wp-json\/wp\/v2\/users\/1"}],"replies":[{"embeddable":true,"href":"https:\/\/www.ariasassessors.com\/ca\/wp-json\/wp\/v2\/comments?post=437"}],"version-history":[{"count":2,"href":"https:\/\/www.ariasassessors.com\/ca\/wp-json\/wp\/v2\/pages\/437\/revisions"}],"predecessor-version":[{"id":554,"href":"https:\/\/www.ariasassessors.com\/ca\/wp-json\/wp\/v2\/pages\/437\/revisions\/554"}],"wp:attachment":[{"href":"https:\/\/www.ariasassessors.com\/ca\/wp-json\/wp\/v2\/media?parent=437"}],"curies":[{"name":"wp","href":"https:\/\/api.w.org\/{rel}","templated":true}]}}