{"id":449,"date":"2019-02-14T15:54:12","date_gmt":"2019-02-14T14:54:12","guid":{"rendered":"https:\/\/www.ariasassessors.com\/emprendedores\/"},"modified":"2019-09-12T16:04:05","modified_gmt":"2019-09-12T14:04:05","slug":"emprendedors","status":"publish","type":"page","link":"https:\/\/www.ariasassessors.com\/ca\/emprendedors\/","title":{"rendered":"Emprendedors"},"content":{"rendered":"<p>[vc_row css_animation=&#8221;element_from_bottom&#8221; row_type=&#8221;row&#8221; use_row_as_full_screen_section=&#8221;no&#8221; type=&#8221;full_width&#8221; angled_section=&#8221;no&#8221; text_align=&#8221;left&#8221; background_image_as_pattern=&#8221;without_pattern&#8221; css=&#8221;.vc_custom_1550329286598{margin-top: 80px !important;margin-bottom: 80px !important;}&#8221; z_index=&#8221;&#8221;][vc_column width=&#8221;1\/2&#8243;][vc_single_image image=&#8221;208&#8243; img_size=&#8221;full&#8221; qode_css_animation=&#8221;&#8221; css=&#8221;.vc_custom_1550329280012{margin-bottom: 40px !important;}&#8221;][\/vc_column][vc_column width=&#8221;1\/2&#8243; el_class=&#8221;entrada&#8221;][vc_column_text el_class=&#8221;entrada&#8221;]<\/p>\n<h2>Tens una idea de negoci i no saps per on comen\u00e7ar?<\/h2>\n<p><strong>T\u2019han recomanat que realitzis una activitat per compte propi pel desenvolupament d\u2019una activitat professional? Sou un grup de joves amb \u00e0nims d\u2019iniciar un projecte com\u00fa per\u00f2 no disposeu d\u2019informaci\u00f3 i eines per dur-ho a terme? T\u2019han proposat que treballis com a treballador aut\u00f2nom per\u00f2 no coneixes els seus avantatges i inconvenients? <\/strong><\/p>\n<p>Qualsevol de nosaltres pot trobar-se en alguna de les situacions anteriors o b\u00e9 con\u00e8ixer a alg\u00fa que s\u2019est\u00e0 plantejant alguna d\u2019aquestes alternatives. \u00c9s quelcom intr\u00ednsec\u00a0 en nosaltres, innovar, emprendre, crear, apostar per un objectiu, per\u00f2 sovint ens trobem amb problemes que ens semblen insalvables. \u00c9s cert que poden existir, sobre tot a nivell econ\u00f2mic, per\u00f2 tamb\u00e9 existeixen multitud de solucions i alternatives. Arias Assessors vol recollir totes les situacions possibles i convertir-les en un projecte a la teva mida i que el cam\u00ed per aconseguir-ho sigui el m\u00e9s clar, senzill i c\u00f2mode per a tu. A m\u00e9s, som PAE (Punto de Atenci\u00f3n al Emprendedor) i facilitem la tramitaci\u00f3 de la teva nova empresa de manera senzilla, r\u00e0pida i econ\u00f2mica per mitjans telem\u00e0tics. La teva idea \u00e9s el nostre projecte.[\/vc_column_text][\/vc_column][\/vc_row][vc_row css_animation=&#8221;element_from_bottom&#8221; row_type=&#8221;row&#8221; use_row_as_full_screen_section=&#8221;no&#8221; type=&#8221;full_width&#8221; angled_section=&#8221;no&#8221; text_align=&#8221;center&#8221; background_image_as_pattern=&#8221;without_pattern&#8221; z_index=&#8221;&#8221;][vc_column css=&#8221;.vc_custom_1550150941565{margin-bottom: 20px !important;}&#8221;][vc_column_text css=&#8221;.vc_custom_1552399575465{margin-bottom: 0px !important;}&#8221;]<\/p>\n<h2>En el nostre despatx trobar\u00e0s respostes per:<\/h2>\n<p>[\/vc_column_text][\/vc_column][\/vc_row][vc_row css_animation=&#8221;element_from_bottom&#8221; row_type=&#8221;row&#8221; use_row_as_full_screen_section=&#8221;no&#8221; type=&#8221;full_width&#8221; angled_section=&#8221;no&#8221; text_align=&#8221;left&#8221; background_image_as_pattern=&#8221;without_pattern&#8221; z_index=&#8221;&#8221;][vc_column width=&#8221;1\/2&#8243; css=&#8221;.vc_custom_1550155389801{margin-bottom: 0px !important;}&#8221;]<div class='q_list circle normal animate_list'><\/p>\n<ul>\n<li>An\u00e0lisi de possibilitats per capitalitzar l\u2019atur INEM \u2013 SOC.<\/li>\n<li>Estudi de les bonificacions i ajudes al nou emprenedor conforme a la normativa municipal (ajuntaments i entitats locals) i auton\u00f2miques.<\/li>\n<li>Actualitzaci\u00f3 constant segons noves normatives respecte a beneficis per aut\u00f2noms, impostos i enviament de butlletins informatius als nostres clients<\/li>\n<li>Establir les possibilitats del teu negoci. Pla d\u2019empresa. Estudi de mercat. Viabilitat i tresoreria. Detall d\u2019ingressos i despeses previstos, ser\u00e0 rentable la nostra activitat econ\u00f2mica?<\/li>\n<li>Aut\u00f2nom? Societat? Figures jur\u00eddiques per iniciar el projecte.<\/li>\n<li>Creaci\u00f3 d\u2019empreses. Societats expr\u00e9s. Punt d\u2018Atenci\u00f3 a l\u2019Emprenedor (PAE) \u2013 Document \u00danic Electr\u00f2nic.<\/li>\n<li>An\u00e0lisi de costos inicials, constituci\u00f3, primer exercici i previsi\u00f3 a mig termini.<\/li>\n<li>Opcions de finan\u00e7ament. Consulta amb el nostre assessor financer.<\/li>\n<\/ul>\n<p><\/div>[\/vc_column][vc_column width=&#8221;1\/2&#8243; css=&#8221;.vc_custom_1550155398770{margin-top: 0px !important;margin-bottom: 40px !important;}&#8221;]<div class='q_list circle normal animate_list'><\/p>\n<ul>\n<li>Opcions de tributaci\u00f3 i liquidaci\u00f3 d\u2019impostos segons la forma jur\u00eddica escollida.<\/li>\n<li>Complert assessorament de gesti\u00f3 de facturaci\u00f3, despeses, moviments bancaris, etc&#8230;<\/li>\n<li>Resoluci\u00f3 de tot tipus de tr\u00e0mits administratius necessaris.<\/li>\n<li>Gesti\u00f3 i Assessorament fiscal, comptable i laboral una vegada iniciada l\u2019activitat, amb honoraris ajustats a les seves possibilitats i necessitats.<\/li>\n<li>Tr\u00e0mits amb Ajuntaments. Subvencions disponibles.<\/li>\n<li>Eines pel seu negoci. Facturaci\u00f3<\/li>\n<\/ul>\n<p><\/div>[\/vc_column][\/vc_row][vc_row css_animation=&#8221;&#8221; row_type=&#8221;row&#8221; use_row_as_full_screen_section=&#8221;no&#8221; type=&#8221;full_width&#8221; angled_section=&#8221;no&#8221; text_align=&#8221;center&#8221; background_image_as_pattern=&#8221;without_pattern&#8221; z_index=&#8221;&#8221;][vc_column css=&#8221;.vc_custom_1549522758059{margin-bottom: 40px !important;}&#8221;][vc_separator type=&#8221;normal&#8221; up=&#8221;40&#8243; down=&#8221;40&#8243;][vc_column_text css=&#8221;.vc_custom_1552399646928{margin-bottom: 0px !important;}&#8221;]<\/p>\n<h2>Contacti&#8217;ns per assessorar-li personalment:<\/h2>\n<p>[\/vc_column_text]<div role=\"form\" class=\"wpcf7\" id=\"wpcf7-f535-o1\" lang=\"es-ES\" dir=\"ltr\">\n<div class=\"screen-reader-response\"><p role=\"status\" aria-live=\"polite\" aria-atomic=\"true\"><\/p> <ul><\/ul><\/div>\n<form action=\"\/ca\/wp-json\/wp\/v2\/pages\/449#wpcf7-f535-o1\" method=\"post\" class=\"wpcf7-form init cf7_custom_style_1\" novalidate=\"novalidate\" data-status=\"init\">\n<div style=\"display: none;\">\n<input type=\"hidden\" name=\"_wpcf7\" value=\"535\" \/>\n<input type=\"hidden\" name=\"_wpcf7_version\" value=\"5.5.6\" \/>\n<input type=\"hidden\" name=\"_wpcf7_locale\" value=\"es_ES\" \/>\n<input type=\"hidden\" name=\"_wpcf7_unit_tag\" value=\"wpcf7-f535-o1\" \/>\n<input type=\"hidden\" name=\"_wpcf7_container_post\" value=\"0\" \/>\n<input type=\"hidden\" name=\"_wpcf7_posted_data_hash\" value=\"\" \/>\n<\/div>\n<p><label> El teu nom<br \/>\n    <span class=\"wpcf7-form-control-wrap your-name\"><input type=\"text\" name=\"your-name\" value=\"\" size=\"40\" class=\"wpcf7-form-control wpcf7-text wpcf7-validates-as-required\" aria-required=\"true\" aria-invalid=\"false\" \/><\/span> <\/label><\/p>\n<p><label> El teu mail<br \/>\n    <span class=\"wpcf7-form-control-wrap your-email\"><input type=\"email\" name=\"your-email\" value=\"\" size=\"40\" class=\"wpcf7-form-control wpcf7-text wpcf7-email wpcf7-validates-as-required wpcf7-validates-as-email\" aria-required=\"true\" aria-invalid=\"false\" \/><\/span> <\/label><\/p>\n<p><label> El teu tel\u00e8fon<br \/>\n   <span class=\"wpcf7-form-control-wrap telefono\"><input type=\"tel\" name=\"telefono\" value=\"\" size=\"40\" class=\"wpcf7-form-control wpcf7-text wpcf7-tel wpcf7-validates-as-required wpcf7-validates-as-tel\" aria-required=\"true\" aria-invalid=\"false\" \/><\/span> <\/label><\/p>\n<p><label> La teva consulta<br \/>\n    <span class=\"wpcf7-form-control-wrap your-message\"><textarea name=\"your-message\" cols=\"40\" rows=\"10\" class=\"wpcf7-form-control wpcf7-textarea\" aria-invalid=\"false\"><\/textarea><\/span> <\/label><\/p>\n<p><span class=\"wpcf7-form-control-wrap acceptance-867\"><span class=\"wpcf7-form-control wpcf7-acceptance\"><span class=\"wpcf7-list-item\"><label><input type=\"checkbox\" name=\"acceptance-867\" value=\"1\" aria-invalid=\"false\" \/><span class=\"wpcf7-list-item-label\"><a href=\"https:\/\/ariasassessors.com\/ca\/avis-legal\/\" target=\"_blank\">En activar el check de \"Lectura i acceptaci\u00f3\" de la nostra Pol\u00edtica de Privacitat, vost\u00e8 est\u00e0 indicant que ha llegit, ent\u00e9n, accepta i autoritza totes les cl\u00e0usules especificades per a la recollida, emmagatzematge i el tractament de les seves dades personals.<\/a><\/span><\/label><\/span><\/span><\/span><br \/>\n<span class=\"wpcf7-form-control-wrap checkbox-885\"><span class=\"wpcf7-form-control wpcf7-checkbox\"><span class=\"wpcf7-list-item first last\"><input type=\"checkbox\" name=\"checkbox-885[]\" value=\"Estic d&#039;acord amb Comunicacions comercials M\u00e0rqueting, publicitat i prospecci\u00f3 comercia\" \/><span class=\"wpcf7-list-item-label\">Estic d&#039;acord amb Comunicacions comercials M\u00e0rqueting, publicitat i prospecci\u00f3 comercia<\/span><\/span><\/span><\/span><\/p>\n<p><input type=\"submit\" value=\"Enviar\" class=\"wpcf7-form-control has-spinner wpcf7-submit\" \/><\/p>\n<div class=\"inv-recaptcha-holder\"><\/div><div class=\"wpcf7-response-output\" aria-hidden=\"true\"><\/div><\/form><\/div>[\/vc_column][\/vc_row]<\/p>\n","protected":false},"excerpt":{"rendered":"<p>[vc_row css_animation=&#8221;element_from_bottom&#8221; row_type=&#8221;row&#8221; use_row_as_full_screen_section=&#8221;no&#8221; type=&#8221;full_width&#8221; angled_section=&#8221;no&#8221; text_align=&#8221;left&#8221; background_image_as_pattern=&#8221;without_pattern&#8221; css=&#8221;.vc_custom_1550329286598{margin-top: 80px !important;margin-bottom: 80px !important;}&#8221; z_index=&#8221;&#8221;][vc_column width=&#8221;1\/2&#8243;][vc_single_image image=&#8221;208&#8243; img_size=&#8221;full&#8221; qode_css_animation=&#8221;&#8221; css=&#8221;.vc_custom_1550329280012{margin-bottom: 40px !important;}&#8221;][\/vc_column][vc_column width=&#8221;1\/2&#8243; el_class=&#8221;entrada&#8221;][vc_column_text el_class=&#8221;entrada&#8221;] Tens una idea de negoci i no saps per on comen\u00e7ar? T\u2019han recomanat que realitzis una activitat per compte propi pel&#8230;<\/p>\n","protected":false},"author":1,"featured_media":0,"parent":0,"menu_order":0,"comment_status":"closed","ping_status":"closed","template":"","meta":{"footnotes":""},"class_list":["post-449","page","type-page","status-publish","hentry"],"yoast_head":"<!-- This site is optimized with the Yoast SEO plugin v24.3 - https:\/\/yoast.com\/wordpress\/plugins\/seo\/ -->\n<title>Servicio para Emprendedors | Arias Assessors<\/title>\n<meta name=\"description\" content=\"En Arias Assessors queremos recoger todas las situaciones posibles y convertirlas en un proyecto a tu medida y ayudarte en todo lo posible.\" \/>\n<meta name=\"robots\" content=\"index, follow, max-snippet:-1, max-image-preview:large, max-video-preview:-1\" \/>\n<link rel=\"canonical\" href=\"https:\/\/www.ariasassessors.com\/ca\/emprendedors\/\" \/>\n<meta property=\"og:locale\" content=\"ca_ES\" \/>\n<meta property=\"og:type\" content=\"article\" \/>\n<meta property=\"og:title\" content=\"Servicio para Emprendedors | Arias Assessors\" \/>\n<meta property=\"og:description\" content=\"En Arias Assessors queremos recoger todas las situaciones posibles y convertirlas en un proyecto a tu medida y ayudarte en todo lo posible.\" \/>\n<meta property=\"og:url\" content=\"https:\/\/www.ariasassessors.com\/ca\/emprendedors\/\" \/>\n<meta property=\"og:site_name\" content=\"Arias Assessors\" \/>\n<meta property=\"article:publisher\" content=\"https:\/\/www.facebook.com\/ariasassessors\/\" \/>\n<meta property=\"article:modified_time\" content=\"2019-09-12T14:04:05+00:00\" \/>\n<meta name=\"twitter:card\" content=\"summary_large_image\" \/>\n<meta name=\"twitter:site\" content=\"@ariasassessors\" \/>\n<meta name=\"twitter:label1\" content=\"Temps estimat de lectura\" \/>\n\t<meta name=\"twitter:data1\" content=\"4 minuts\" \/>\n<script type=\"application\/ld+json\" class=\"yoast-schema-graph\">{\"@context\":\"https:\/\/schema.org\",\"@graph\":[{\"@type\":\"WebPage\",\"@id\":\"https:\/\/www.ariasassessors.com\/ca\/emprendedors\/\",\"url\":\"https:\/\/www.ariasassessors.com\/ca\/emprendedors\/\",\"name\":\"Servicio para Emprendedors | Arias Assessors\",\"isPartOf\":{\"@id\":\"https:\/\/www.ariasassessors.com\/#website\"},\"datePublished\":\"2019-02-14T14:54:12+00:00\",\"dateModified\":\"2019-09-12T14:04:05+00:00\",\"description\":\"En Arias Assessors queremos recoger todas las situaciones posibles y convertirlas en un proyecto a tu medida y ayudarte en todo lo posible.\",\"breadcrumb\":{\"@id\":\"https:\/\/www.ariasassessors.com\/ca\/emprendedors\/#breadcrumb\"},\"inLanguage\":\"ca\",\"potentialAction\":[{\"@type\":\"ReadAction\",\"target\":[\"https:\/\/www.ariasassessors.com\/ca\/emprendedors\/\"]}]},{\"@type\":\"BreadcrumbList\",\"@id\":\"https:\/\/www.ariasassessors.com\/ca\/emprendedors\/#breadcrumb\",\"itemListElement\":[{\"@type\":\"ListItem\",\"position\":1,\"name\":\"Portada\",\"item\":\"https:\/\/www.ariasassessors.com\/ca\/\"},{\"@type\":\"ListItem\",\"position\":2,\"name\":\"Emprendedors\"}]},{\"@type\":\"WebSite\",\"@id\":\"https:\/\/www.ariasassessors.com\/#website\",\"url\":\"https:\/\/www.ariasassessors.com\/\",\"name\":\"Arias Assessors\",\"description\":\"Asesor\u00eda para aut\u00f3nomos, profesionales y PYMES\",\"publisher\":{\"@id\":\"https:\/\/www.ariasassessors.com\/#organization\"},\"potentialAction\":[{\"@type\":\"SearchAction\",\"target\":{\"@type\":\"EntryPoint\",\"urlTemplate\":\"https:\/\/www.ariasassessors.com\/?s={search_term_string}\"},\"query-input\":{\"@type\":\"PropertyValueSpecification\",\"valueRequired\":true,\"valueName\":\"search_term_string\"}}],\"inLanguage\":\"ca\"},{\"@type\":\"Organization\",\"@id\":\"https:\/\/www.ariasassessors.com\/#organization\",\"name\":\"Arias Assessors\",\"url\":\"https:\/\/www.ariasassessors.com\/\",\"logo\":{\"@type\":\"ImageObject\",\"inLanguage\":\"ca\",\"@id\":\"https:\/\/www.ariasassessors.com\/#\/schema\/logo\/image\/\",\"url\":\"https:\/\/www.ariasassessors.com\/wp-content\/uploads\/2019\/01\/arias-logo.png\",\"contentUrl\":\"https:\/\/www.ariasassessors.com\/wp-content\/uploads\/2019\/01\/arias-logo.png\",\"width\":349,\"height\":254,\"caption\":\"Arias Assessors\"},\"image\":{\"@id\":\"https:\/\/www.ariasassessors.com\/#\/schema\/logo\/image\/\"},\"sameAs\":[\"https:\/\/www.facebook.com\/ariasassessors\/\",\"https:\/\/x.com\/ariasassessors\",\"https:\/\/www.linkedin.com\/company\/r&amp;amp;r-growing-knowledge\/\"]}]}<\/script>\n<!-- \/ Yoast SEO plugin. -->","yoast_head_json":{"title":"Servicio para Emprendedors | Arias Assessors","description":"En Arias Assessors queremos recoger todas las situaciones posibles y convertirlas en un proyecto a tu medida y ayudarte en todo lo posible.","robots":{"index":"index","follow":"follow","max-snippet":"max-snippet:-1","max-image-preview":"max-image-preview:large","max-video-preview":"max-video-preview:-1"},"canonical":"https:\/\/www.ariasassessors.com\/ca\/emprendedors\/","og_locale":"ca_ES","og_type":"article","og_title":"Servicio para Emprendedors | Arias Assessors","og_description":"En Arias Assessors queremos recoger todas las situaciones posibles y convertirlas en un proyecto a tu medida y ayudarte en todo lo posible.","og_url":"https:\/\/www.ariasassessors.com\/ca\/emprendedors\/","og_site_name":"Arias Assessors","article_publisher":"https:\/\/www.facebook.com\/ariasassessors\/","article_modified_time":"2019-09-12T14:04:05+00:00","twitter_card":"summary_large_image","twitter_site":"@ariasassessors","twitter_misc":{"Temps estimat de lectura":"4 minuts"},"schema":{"@context":"https:\/\/schema.org","@graph":[{"@type":"WebPage","@id":"https:\/\/www.ariasassessors.com\/ca\/emprendedors\/","url":"https:\/\/www.ariasassessors.com\/ca\/emprendedors\/","name":"Servicio para Emprendedors | Arias Assessors","isPartOf":{"@id":"https:\/\/www.ariasassessors.com\/#website"},"datePublished":"2019-02-14T14:54:12+00:00","dateModified":"2019-09-12T14:04:05+00:00","description":"En Arias Assessors queremos recoger todas las situaciones posibles y convertirlas en un proyecto a tu medida y ayudarte en todo lo posible.","breadcrumb":{"@id":"https:\/\/www.ariasassessors.com\/ca\/emprendedors\/#breadcrumb"},"inLanguage":"ca","potentialAction":[{"@type":"ReadAction","target":["https:\/\/www.ariasassessors.com\/ca\/emprendedors\/"]}]},{"@type":"BreadcrumbList","@id":"https:\/\/www.ariasassessors.com\/ca\/emprendedors\/#breadcrumb","itemListElement":[{"@type":"ListItem","position":1,"name":"Portada","item":"https:\/\/www.ariasassessors.com\/ca\/"},{"@type":"ListItem","position":2,"name":"Emprendedors"}]},{"@type":"WebSite","@id":"https:\/\/www.ariasassessors.com\/#website","url":"https:\/\/www.ariasassessors.com\/","name":"Arias Assessors","description":"Asesor\u00eda para aut\u00f3nomos, profesionales y PYMES","publisher":{"@id":"https:\/\/www.ariasassessors.com\/#organization"},"potentialAction":[{"@type":"SearchAction","target":{"@type":"EntryPoint","urlTemplate":"https:\/\/www.ariasassessors.com\/?s={search_term_string}"},"query-input":{"@type":"PropertyValueSpecification","valueRequired":true,"valueName":"search_term_string"}}],"inLanguage":"ca"},{"@type":"Organization","@id":"https:\/\/www.ariasassessors.com\/#organization","name":"Arias Assessors","url":"https:\/\/www.ariasassessors.com\/","logo":{"@type":"ImageObject","inLanguage":"ca","@id":"https:\/\/www.ariasassessors.com\/#\/schema\/logo\/image\/","url":"https:\/\/www.ariasassessors.com\/wp-content\/uploads\/2019\/01\/arias-logo.png","contentUrl":"https:\/\/www.ariasassessors.com\/wp-content\/uploads\/2019\/01\/arias-logo.png","width":349,"height":254,"caption":"Arias Assessors"},"image":{"@id":"https:\/\/www.ariasassessors.com\/#\/schema\/logo\/image\/"},"sameAs":["https:\/\/www.facebook.com\/ariasassessors\/","https:\/\/x.com\/ariasassessors","https:\/\/www.linkedin.com\/company\/r&amp;amp;r-growing-knowledge\/"]}]}},"_links":{"self":[{"href":"https:\/\/www.ariasassessors.com\/ca\/wp-json\/wp\/v2\/pages\/449","targetHints":{"allow":["GET"]}}],"collection":[{"href":"https:\/\/www.ariasassessors.com\/ca\/wp-json\/wp\/v2\/pages"}],"about":[{"href":"https:\/\/www.ariasassessors.com\/ca\/wp-json\/wp\/v2\/types\/page"}],"author":[{"embeddable":true,"href":"https:\/\/www.ariasassessors.com\/ca\/wp-json\/wp\/v2\/users\/1"}],"replies":[{"embeddable":true,"href":"https:\/\/www.ariasassessors.com\/ca\/wp-json\/wp\/v2\/comments?post=449"}],"version-history":[{"count":7,"href":"https:\/\/www.ariasassessors.com\/ca\/wp-json\/wp\/v2\/pages\/449\/revisions"}],"predecessor-version":[{"id":713,"href":"https:\/\/www.ariasassessors.com\/ca\/wp-json\/wp\/v2\/pages\/449\/revisions\/713"}],"wp:attachment":[{"href":"https:\/\/www.ariasassessors.com\/ca\/wp-json\/wp\/v2\/media?parent=449"}],"curies":[{"name":"wp","href":"https:\/\/api.w.org\/{rel}","templated":true}]}}