{"id":455,"date":"2019-02-14T15:05:51","date_gmt":"2019-02-14T14:05:51","guid":{"rendered":"https:\/\/www.ariasassessors.com\/colaboradores\/"},"modified":"2026-01-14T15:55:44","modified_gmt":"2026-01-14T14:55:44","slug":"col-laboradors","status":"publish","type":"page","link":"https:\/\/www.ariasassessors.com\/ca\/col-laboradors\/","title":{"rendered":"Col.laboradors"},"content":{"rendered":"<p>[vc_row css_animation=&#8221;element_from_bottom&#8221; row_type=&#8221;row&#8221; use_row_as_full_screen_section=&#8221;no&#8221; type=&#8221;full_width&#8221; angled_section=&#8221;no&#8221; text_align=&#8221;left&#8221; background_image_as_pattern=&#8221;without_pattern&#8221; css=&#8221;.vc_custom_1550326331298{margin-top: 30px !important;margin-bottom: 60px !important;}&#8221; z_index=&#8221;&#8221;][vc_column offset=&#8221;vc_hidden-lg vc_hidden-md vc_hidden-sm vc_hidden-xs&#8221;][vc_column_text]<\/p>\n<h2>Nuestro equipo:<\/h2>\n<p>[\/vc_column_text][vc_column_text]Arias Assessors lo componen un grupo de profesionales titulados y con amplia experiencia en la asesor\u00eda y gesti\u00f3n de peque\u00f1a y mediana empresa, profesionales aut\u00f3nomos y resto de empresarios individuales:[\/vc_column_text][\/vc_column][\/vc_row][vc_row css_animation=&#8221;element_from_bottom&#8221; row_type=&#8221;row&#8221; use_row_as_full_screen_section=&#8221;no&#8221; type=&#8221;full_width&#8221; angled_section=&#8221;no&#8221; text_align=&#8221;left&#8221; background_image_as_pattern=&#8221;without_pattern&#8221; z_index=&#8221;&#8221;][vc_column width=&#8221;1\/3&#8243;][vc_single_image image=&#8221;570&#8243; img_size=&#8221;full&#8221; alignment=&#8221;center&#8221; qode_css_animation=&#8221;&#8221;][vc_column_text css=&#8221;.vc_custom_1552896105492{margin-top: 20px !important;margin-bottom: 80px !important;}&#8221;]<\/p>\n<h2>Llar &amp; Life<\/h2>\n<p>Equip format per professionals del sector amb m\u00e9s de 35 anys d\u2019experi\u00e8ncia que treballa di\u00e0riament per aconseguir l\u2019asseguran\u00e7a m\u00e9s efica\u00e7 per la seva empresa o aut\u00f2nom. Estem sempre al costat del client, i aportem: estudi previ dels contractes per detectar contractes duplicats \u2013 seguiment d\u2019altes i anul.lacions de contractes \u2013 actualitzaci\u00f3 permanent de garanties \u2013 Asssessoria integral sense cost \u2013 gesti\u00f3 complerta i assessorament en sinistres.[\/vc_column_text][\/vc_column][vc_column width=&#8221;1\/3&#8243;][vc_single_image image=&#8221;456&#8243; img_size=&#8221;full&#8221; alignment=&#8221;center&#8221; qode_css_animation=&#8221;&#8221;][vc_column_text css=&#8221;.vc_custom_1552399808426{margin-top: 20px !important;margin-bottom: 80px !important;}&#8221;]<\/p>\n<h2>ADAPTALIA CORPORACION<\/h2>\n<p>Adaptalia Corporaci\u00f3n \u00e9s una consultoria integral d\u2019empresa, especialitzada en la Protecci\u00f3 de Dades, tramitaci\u00f3 de certificats ISO i assessorament en mat\u00e8ries legals. Es tracta del nostre col\u00b7laborador habitual en implementaci\u00f3 i regulaci\u00f3 de Protecci\u00f3 de Dades (segons el nou RGPD) per a empreses.[\/vc_column_text][\/vc_column][vc_column width=&#8221;1\/3&#8243;][vc_single_image image=&#8221;459&#8243; img_size=&#8221;full&#8221; alignment=&#8221;center&#8221; qode_css_animation=&#8221;&#8221;][vc_column_text css=&#8221;.vc_custom_1552399815309{margin-top: 20px !important;margin-bottom: 80px !important;}&#8221;]<\/p>\n<h2>PREVINTEGRAL<\/h2>\n<p>Amb m\u00e9s de 100 professionals al seu servei, Previntegral actua com a servei de prevenci\u00f3 en les quatre especialitats: seguretat en el treball, higiene industrial, ergonomia i psicosociologia aplicada i medicina del treball. Ofereix un sistema de gesti\u00f3 complert i de garanties en mat\u00e8ria de prevenci\u00f3, vetllant per la salut dels treballadors aix\u00ed com per el compliment de tota la normativa de l\u2019empresa.[\/vc_column_text][\/vc_column][\/vc_row][vc_row css_animation=&#8221;element_from_bottom&#8221; row_type=&#8221;row&#8221; use_row_as_full_screen_section=&#8221;no&#8221; type=&#8221;full_width&#8221; angled_section=&#8221;no&#8221; text_align=&#8221;left&#8221; background_image_as_pattern=&#8221;without_pattern&#8221; z_index=&#8221;&#8221;][vc_column width=&#8221;1\/3&#8243;][vc_single_image image=&#8221;795&#8243; img_size=&#8221;full&#8221; alignment=&#8221;center&#8221; qode_css_animation=&#8221;&#8221;][vc_column_text css=&#8221;.vc_custom_1575469581976{margin-top: 20px !important;margin-bottom: 80px !important;}&#8221;]<\/p>\n<h2><b><span lang=\"CA\">ENGINYERIA MASCLANS DISSENY<\/span><\/b><\/h2>\n<p>Oferim assessoria t\u00e8cnica per als seus negocis: Llic\u00e8ncies d\u2019activitats, Llic\u00e8ncies d\u2019obres, Projectes de Baixa tensi\u00f3, Inspeccions d\u2019Entitats de Control de Baixa tensi\u00f3 i Protecci\u00f3 contra incendis. Vol saber si el seu possible nou local est\u00e0 adequat pel seu negoci i quina inversi\u00f3 s\u2019hi ha de fer abans de l\u2019adquisici\u00f3, lloguer o trasp\u00e0s?<\/p>\n<p>Assessoria energ\u00e8tica per empreses i particulars: optimitzaci\u00f3 de costos tant d\u2019energia el\u00e8ctrica com de gas, utilitzaci\u00f3 energia verda, muntatge de plaques solars, substituci\u00f3 de il\u00b7luminaci\u00f3 per led, etc.[\/vc_column_text][\/vc_column][vc_column width=&#8221;1\/3&#8243;][vc_single_image image=&#8221;827&#8243; img_size=&#8221;full&#8221; alignment=&#8221;center&#8221; qode_css_animation=&#8221;&#8221;][vc_column_text css=&#8221;.vc_custom_1577097032844{margin-top: 20px !important;margin-bottom: 80px !important;}&#8221;]<\/p>\n<h2>GONZALEZ LEON ADVOCATS:<\/h2>\n<p>El nostre despatx, amb seu a Barcelona des de fa m\u00e9s de 25 anys, ofereix un servei integral i especialitzat en les Seg\u00fcents \u00c0rea: Dret laboral i de Seguretat Social: Procediments administratius de conciliaci\u00f3 pr\u00e8via, expedients de regulaci\u00f3 d&#8217;ocupaci\u00f3 o reclamacions a Fogasa; Procediments judicials de reclamaci\u00f3 de Quantitat, acomiadament individual o col\u00b7lectiu, processos d&#8217;Incapacitat i invalidesa, Dret d&#8217;Estrangeria: expedients de nacionalitat, Procediments d&#8217;arrelament, reagrupacions familiars i r\u00e8gim comunitari,. Dret Penal: den\u00fancies, alcohol\u00e8mies, accidents, lesions. Dret Civil: separacions i divorcis, incapacitacions, desnonaments i reclamacions judicials[\/vc_column_text][\/vc_column][vc_column width=&#8221;1\/3&#8243;][vc_single_image image=&#8221;797&#8243; img_size=&#8221;full&#8221; alignment=&#8221;center&#8221; qode_css_animation=&#8221;&#8221;][vc_column_text css=&#8221;.vc_custom_1575533761111{margin-top: 20px !important;margin-bottom: 80px !important;}&#8221;]<\/p>\n<h2>VARGAS MIR LAZUEN ADVOCATS<\/h2>\n<p>Despatx multidisciplinar ubicat a Barcelona des de 1971 amb especialistes en dret tributari, mercantil, concursal i civil. Des del seu naixement, \u201cDe Vargas Mir &amp; Lazuen\u201d ha defensat amb efic\u00e0cia i professionalitat els interessos de nombrosos clients i ha acompanyat a d\u2019altres en el desenvolupament dels seus projectes nacionals i internacionals. En aquest temps, han aconseguit la confian\u00e7a i fidelitat dels seus clients, el respecte dels seus companys i adversaris i un notori prestigi nacional i internacional.[\/vc_column_text][\/vc_column][\/vc_row][vc_row css_animation=&#8221;element_from_bottom&#8221; row_type=&#8221;row&#8221; use_row_as_full_screen_section=&#8221;no&#8221; type=&#8221;full_width&#8221; angled_section=&#8221;no&#8221; text_align=&#8221;left&#8221; background_image_as_pattern=&#8221;without_pattern&#8221; z_index=&#8221;&#8221;][vc_column width=&#8221;1\/3&#8243;][vc_single_image image=&#8221;460&#8243; img_size=&#8221;full&#8221; alignment=&#8221;center&#8221; qode_css_animation=&#8221;&#8221;][vc_column_text css=&#8221;.vc_custom_1552399822695{margin-top: 20px !important;margin-bottom: 80px !important;}&#8221;]<\/p>\n<h2>SANTA LUCIA SEGUROS<\/h2>\n<p>Gr\u00e0cies a la nostra col.laboraci\u00f3 amb Santa mb ucia Seguros, oferim als nostres clients assegurances de tipus personal i familiar. S\u00f3n especialistes en assegurances de vida i decessos, llar, salut, aix\u00ed com assegurances per a empreses, destacant els seus productes relacionats amb les activitats professionals i comer\u00e7os aix\u00ed com responsabilitat civil.[\/vc_column_text][\/vc_column][vc_column width=&#8221;1\/3&#8243;][vc_single_image image=&#8221;1326&#8243; img_size=&#8221;full&#8221; alignment=&#8221;center&#8221; qode_css_animation=&#8221;&#8221;][vc_column_text css=&#8221;.vc_custom_1768402514117{margin-top: 20px !important;margin-bottom: 80px !important;}&#8221;]<\/p>\n<h2>ROGER SAGRISTA DOS SANTOS<\/h2>\n<p>Abogado, especialista en Derecho Civil, Mercantil y Penal. Miembro colegiado del Il.lustre Col.legi d\u2019Advocats de Barcelona n\u00ba 18262. Profesional de la abogac\u00eda desde 1993, con experiencia en importantes firmas como LANDWELL (PRICEWATERHOUSE) o Estudio Legal Abogados.[\/vc_column_text][\/vc_column][\/vc_row]<\/p>\n","protected":false},"excerpt":{"rendered":"<p>[vc_row css_animation=&#8221;element_from_bottom&#8221; row_type=&#8221;row&#8221; use_row_as_full_screen_section=&#8221;no&#8221; type=&#8221;full_width&#8221; angled_section=&#8221;no&#8221; text_align=&#8221;left&#8221; background_image_as_pattern=&#8221;without_pattern&#8221; css=&#8221;.vc_custom_1550326331298{margin-top: 30px !important;margin-bottom: 60px !important;}&#8221; z_index=&#8221;&#8221;][vc_column offset=&#8221;vc_hidden-lg vc_hidden-md vc_hidden-sm vc_hidden-xs&#8221;][vc_column_text] Nuestro equipo: [\/vc_column_text][vc_column_text]Arias Assessors lo componen un grupo de profesionales titulados y con amplia experiencia en la asesor\u00eda y gesti\u00f3n de peque\u00f1a y mediana empresa, profesionales aut\u00f3nomos&#8230;<\/p>\n","protected":false},"author":1,"featured_media":0,"parent":0,"menu_order":0,"comment_status":"closed","ping_status":"closed","template":"","meta":{"footnotes":""},"class_list":["post-455","page","type-page","status-publish","hentry"],"yoast_head":"<!-- This site is optimized with the Yoast SEO plugin v24.3 - https:\/\/yoast.com\/wordpress\/plugins\/seo\/ -->\n<title>Col.laboradors | Arias Assessors<\/title>\n<meta name=\"robots\" content=\"index, follow, max-snippet:-1, max-image-preview:large, max-video-preview:-1\" \/>\n<link rel=\"canonical\" href=\"https:\/\/www.ariasassessors.com\/ca\/col-laboradors\/\" \/>\n<meta property=\"og:locale\" content=\"ca_ES\" \/>\n<meta property=\"og:type\" content=\"article\" \/>\n<meta property=\"og:title\" content=\"Col.laboradors | Arias Assessors\" \/>\n<meta property=\"og:description\" content=\"[vc_row css_animation=&#8221;element_from_bottom&#8221; row_type=&#8221;row&#8221; use_row_as_full_screen_section=&#8221;no&#8221; type=&#8221;full_width&#8221; angled_section=&#8221;no&#8221; text_align=&#8221;left&#8221; background_image_as_pattern=&#8221;without_pattern&#8221; css=&#8221;.vc_custom_1550326331298{margin-top: 30px !important;margin-bottom: 60px !important;}&#8221; z_index=&#8221;&#8221;][vc_column offset=&#8221;vc_hidden-lg vc_hidden-md vc_hidden-sm vc_hidden-xs&#8221;][vc_column_text] Nuestro equipo: [\/vc_column_text][vc_column_text]Arias Assessors lo componen un grupo de profesionales titulados y con amplia experiencia en la asesor\u00eda y gesti\u00f3n de peque\u00f1a y mediana empresa, profesionales aut\u00f3nomos...\" \/>\n<meta property=\"og:url\" content=\"https:\/\/www.ariasassessors.com\/ca\/col-laboradors\/\" \/>\n<meta property=\"og:site_name\" content=\"Arias Assessors\" \/>\n<meta property=\"article:publisher\" content=\"https:\/\/www.facebook.com\/ariasassessors\/\" \/>\n<meta property=\"article:modified_time\" content=\"2026-01-14T14:55:44+00:00\" \/>\n<meta name=\"twitter:card\" content=\"summary_large_image\" \/>\n<meta name=\"twitter:site\" content=\"@ariasassessors\" \/>\n<meta name=\"twitter:label1\" content=\"Temps estimat de lectura\" \/>\n\t<meta name=\"twitter:data1\" content=\"4 minuts\" \/>\n<script type=\"application\/ld+json\" class=\"yoast-schema-graph\">{\"@context\":\"https:\/\/schema.org\",\"@graph\":[{\"@type\":\"WebPage\",\"@id\":\"https:\/\/www.ariasassessors.com\/ca\/col-laboradors\/\",\"url\":\"https:\/\/www.ariasassessors.com\/ca\/col-laboradors\/\",\"name\":\"Col.laboradors | Arias Assessors\",\"isPartOf\":{\"@id\":\"https:\/\/www.ariasassessors.com\/#website\"},\"datePublished\":\"2019-02-14T14:05:51+00:00\",\"dateModified\":\"2026-01-14T14:55:44+00:00\",\"breadcrumb\":{\"@id\":\"https:\/\/www.ariasassessors.com\/ca\/col-laboradors\/#breadcrumb\"},\"inLanguage\":\"ca\",\"potentialAction\":[{\"@type\":\"ReadAction\",\"target\":[\"https:\/\/www.ariasassessors.com\/ca\/col-laboradors\/\"]}]},{\"@type\":\"BreadcrumbList\",\"@id\":\"https:\/\/www.ariasassessors.com\/ca\/col-laboradors\/#breadcrumb\",\"itemListElement\":[{\"@type\":\"ListItem\",\"position\":1,\"name\":\"Portada\",\"item\":\"https:\/\/www.ariasassessors.com\/ca\/\"},{\"@type\":\"ListItem\",\"position\":2,\"name\":\"Col.laboradors\"}]},{\"@type\":\"WebSite\",\"@id\":\"https:\/\/www.ariasassessors.com\/#website\",\"url\":\"https:\/\/www.ariasassessors.com\/\",\"name\":\"Arias Assessors\",\"description\":\"Asesor\u00eda para aut\u00f3nomos, profesionales y PYMES\",\"publisher\":{\"@id\":\"https:\/\/www.ariasassessors.com\/#organization\"},\"potentialAction\":[{\"@type\":\"SearchAction\",\"target\":{\"@type\":\"EntryPoint\",\"urlTemplate\":\"https:\/\/www.ariasassessors.com\/?s={search_term_string}\"},\"query-input\":{\"@type\":\"PropertyValueSpecification\",\"valueRequired\":true,\"valueName\":\"search_term_string\"}}],\"inLanguage\":\"ca\"},{\"@type\":\"Organization\",\"@id\":\"https:\/\/www.ariasassessors.com\/#organization\",\"name\":\"Arias Assessors\",\"url\":\"https:\/\/www.ariasassessors.com\/\",\"logo\":{\"@type\":\"ImageObject\",\"inLanguage\":\"ca\",\"@id\":\"https:\/\/www.ariasassessors.com\/#\/schema\/logo\/image\/\",\"url\":\"https:\/\/www.ariasassessors.com\/wp-content\/uploads\/2019\/01\/arias-logo.png\",\"contentUrl\":\"https:\/\/www.ariasassessors.com\/wp-content\/uploads\/2019\/01\/arias-logo.png\",\"width\":349,\"height\":254,\"caption\":\"Arias Assessors\"},\"image\":{\"@id\":\"https:\/\/www.ariasassessors.com\/#\/schema\/logo\/image\/\"},\"sameAs\":[\"https:\/\/www.facebook.com\/ariasassessors\/\",\"https:\/\/x.com\/ariasassessors\",\"https:\/\/www.linkedin.com\/company\/r&amp;amp;r-growing-knowledge\/\"]}]}<\/script>\n<!-- \/ Yoast SEO plugin. -->","yoast_head_json":{"title":"Col.laboradors | Arias Assessors","robots":{"index":"index","follow":"follow","max-snippet":"max-snippet:-1","max-image-preview":"max-image-preview:large","max-video-preview":"max-video-preview:-1"},"canonical":"https:\/\/www.ariasassessors.com\/ca\/col-laboradors\/","og_locale":"ca_ES","og_type":"article","og_title":"Col.laboradors | Arias Assessors","og_description":"[vc_row css_animation=&#8221;element_from_bottom&#8221; row_type=&#8221;row&#8221; use_row_as_full_screen_section=&#8221;no&#8221; type=&#8221;full_width&#8221; angled_section=&#8221;no&#8221; text_align=&#8221;left&#8221; background_image_as_pattern=&#8221;without_pattern&#8221; css=&#8221;.vc_custom_1550326331298{margin-top: 30px !important;margin-bottom: 60px !important;}&#8221; z_index=&#8221;&#8221;][vc_column offset=&#8221;vc_hidden-lg vc_hidden-md vc_hidden-sm vc_hidden-xs&#8221;][vc_column_text] Nuestro equipo: [\/vc_column_text][vc_column_text]Arias Assessors lo componen un grupo de profesionales titulados y con amplia experiencia en la asesor\u00eda y gesti\u00f3n de peque\u00f1a y mediana empresa, profesionales aut\u00f3nomos...","og_url":"https:\/\/www.ariasassessors.com\/ca\/col-laboradors\/","og_site_name":"Arias Assessors","article_publisher":"https:\/\/www.facebook.com\/ariasassessors\/","article_modified_time":"2026-01-14T14:55:44+00:00","twitter_card":"summary_large_image","twitter_site":"@ariasassessors","twitter_misc":{"Temps estimat de lectura":"4 minuts"},"schema":{"@context":"https:\/\/schema.org","@graph":[{"@type":"WebPage","@id":"https:\/\/www.ariasassessors.com\/ca\/col-laboradors\/","url":"https:\/\/www.ariasassessors.com\/ca\/col-laboradors\/","name":"Col.laboradors | Arias Assessors","isPartOf":{"@id":"https:\/\/www.ariasassessors.com\/#website"},"datePublished":"2019-02-14T14:05:51+00:00","dateModified":"2026-01-14T14:55:44+00:00","breadcrumb":{"@id":"https:\/\/www.ariasassessors.com\/ca\/col-laboradors\/#breadcrumb"},"inLanguage":"ca","potentialAction":[{"@type":"ReadAction","target":["https:\/\/www.ariasassessors.com\/ca\/col-laboradors\/"]}]},{"@type":"BreadcrumbList","@id":"https:\/\/www.ariasassessors.com\/ca\/col-laboradors\/#breadcrumb","itemListElement":[{"@type":"ListItem","position":1,"name":"Portada","item":"https:\/\/www.ariasassessors.com\/ca\/"},{"@type":"ListItem","position":2,"name":"Col.laboradors"}]},{"@type":"WebSite","@id":"https:\/\/www.ariasassessors.com\/#website","url":"https:\/\/www.ariasassessors.com\/","name":"Arias Assessors","description":"Asesor\u00eda para aut\u00f3nomos, profesionales y PYMES","publisher":{"@id":"https:\/\/www.ariasassessors.com\/#organization"},"potentialAction":[{"@type":"SearchAction","target":{"@type":"EntryPoint","urlTemplate":"https:\/\/www.ariasassessors.com\/?s={search_term_string}"},"query-input":{"@type":"PropertyValueSpecification","valueRequired":true,"valueName":"search_term_string"}}],"inLanguage":"ca"},{"@type":"Organization","@id":"https:\/\/www.ariasassessors.com\/#organization","name":"Arias Assessors","url":"https:\/\/www.ariasassessors.com\/","logo":{"@type":"ImageObject","inLanguage":"ca","@id":"https:\/\/www.ariasassessors.com\/#\/schema\/logo\/image\/","url":"https:\/\/www.ariasassessors.com\/wp-content\/uploads\/2019\/01\/arias-logo.png","contentUrl":"https:\/\/www.ariasassessors.com\/wp-content\/uploads\/2019\/01\/arias-logo.png","width":349,"height":254,"caption":"Arias Assessors"},"image":{"@id":"https:\/\/www.ariasassessors.com\/#\/schema\/logo\/image\/"},"sameAs":["https:\/\/www.facebook.com\/ariasassessors\/","https:\/\/x.com\/ariasassessors","https:\/\/www.linkedin.com\/company\/r&amp;amp;r-growing-knowledge\/"]}]}},"_links":{"self":[{"href":"https:\/\/www.ariasassessors.com\/ca\/wp-json\/wp\/v2\/pages\/455","targetHints":{"allow":["GET"]}}],"collection":[{"href":"https:\/\/www.ariasassessors.com\/ca\/wp-json\/wp\/v2\/pages"}],"about":[{"href":"https:\/\/www.ariasassessors.com\/ca\/wp-json\/wp\/v2\/types\/page"}],"author":[{"embeddable":true,"href":"https:\/\/www.ariasassessors.com\/ca\/wp-json\/wp\/v2\/users\/1"}],"replies":[{"embeddable":true,"href":"https:\/\/www.ariasassessors.com\/ca\/wp-json\/wp\/v2\/comments?post=455"}],"version-history":[{"count":13,"href":"https:\/\/www.ariasassessors.com\/ca\/wp-json\/wp\/v2\/pages\/455\/revisions"}],"predecessor-version":[{"id":4684,"href":"https:\/\/www.ariasassessors.com\/ca\/wp-json\/wp\/v2\/pages\/455\/revisions\/4684"}],"wp:attachment":[{"href":"https:\/\/www.ariasassessors.com\/ca\/wp-json\/wp\/v2\/media?parent=455"}],"curies":[{"name":"wp","href":"https:\/\/api.w.org\/{rel}","templated":true}]}}