{"id":4806,"date":"2026-04-22T11:47:46","date_gmt":"2026-04-22T09:47:46","guid":{"rendered":"https:\/\/www.ariasassessors.com\/?page_id=4806"},"modified":"2026-04-22T12:03:54","modified_gmt":"2026-04-22T10:03:54","slug":"inici-campanya-renta-2025","status":"publish","type":"page","link":"https:\/\/www.ariasassessors.com\/ca\/inici-campanya-renta-2025\/","title":{"rendered":"Inici campanya Renta 2025"},"content":{"rendered":"<p>[vc_row css_animation=&#8221;&#8221; row_type=&#8221;row&#8221; use_row_as_full_screen_section=&#8221;no&#8221; type=&#8221;full_width&#8221; angled_section=&#8221;no&#8221; text_align=&#8221;left&#8221; background_image_as_pattern=&#8221;without_pattern&#8221;][vc_column][vc_empty_space height=&#8221;40px&#8221;]<a  itemprop=\"url\" href=\"https:\/\/forms.hubpymes.es\/formulario-de-rentas-arias\/\" target=\"_self\"  class=\"qbutton  large default\" style=\"\">Formulari Renta 2025<\/a>[vc_empty_space height=&#8221;40px&#8221;][\/vc_column][\/vc_row][vc_row css_animation=&#8221;&#8221; row_type=&#8221;row&#8221; use_row_as_full_screen_section=&#8221;no&#8221; type=&#8221;full_width&#8221; angled_section=&#8221;no&#8221; text_align=&#8221;left&#8221; background_image_as_pattern=&#8221;without_pattern&#8221;][vc_column][vc_column_text]<\/p>\n<p data-start=\"129\" data-end=\"151\">Benvolgut\/da client\/a,<\/p>\n<p data-start=\"153\" data-end=\"504\">L\u2019informem que la Campanya de la Renta i Patrimoni 2025 ha comen\u00e7at el passat 8 d\u2019abril de 2026, i estar\u00e0 activa fins al dia 30 de juny, sent aquesta la data l\u00edmit per a la presentaci\u00f3 de declaracions amb resultat a retornar. En el cas de declaracions amb resultat a ingressar amb domiciliaci\u00f3 banc\u00e0ria, el termini finalitza el dia 25 de juny de 2026.<\/p>\n<p data-start=\"506\" data-end=\"704\">A Arias Assessors iniciem la preparaci\u00f3, confecci\u00f3 i presentaci\u00f3 de les declaracions a partir del pr\u00f2xim 21 d\u2019abril, amb la finalitat de poder oferir-li un servei organitzat i de la m\u00e0xima qualitat.<\/p>\n<p data-start=\"706\" data-end=\"875\">Si desitja sol\u00b7licitar cita presencial, pot posar-se en contacte amb nosaltres al tel\u00e8fon 934 545 095 o a trav\u00e9s del correu electr\u00f2nic <a class=\"decorated-link cursor-pointer\" rel=\"noopener\" data-start=\"841\" data-end=\"874\">administracion@ariasassessors.com<\/a>.<\/p>\n<p data-start=\"877\" data-end=\"1182\">Aix\u00ed mateix, aquells clients que en anys anteriors ens han fet arribar la documentaci\u00f3 per mitjans telem\u00e0tics (correu electr\u00f2nic o altres vies en l\u00ednia), poden enviar-nos la informaci\u00f3 a la mateixa adre\u00e7a de correu <a class=\"decorated-link cursor-pointer\" rel=\"noopener\" data-start=\"1092\" data-end=\"1125\">administracion@ariasassessors.com<\/a> o als seus canals habituals de contacte amb la gestoria.<\/p>\n<p data-start=\"1184\" data-end=\"1236\">Com a novetats i dades d\u2019inter\u00e8s d\u2019aquesta campanya:<\/p>\n<p data-start=\"1238\" data-end=\"1361\">Es mant\u00e9 el l\u00edmit d\u2019obligaci\u00f3 de declarar en rendiments del treball en 22.000 \u20ac anuals, quan procedeixen d\u2019un \u00fanic pagador.<\/p>\n<p data-start=\"1363\" data-end=\"1490\">Els treballadors aut\u00f2noms (persones f\u00edsiques) estan obligats a presentar la declaraci\u00f3, amb independ\u00e8ncia de l\u2019import facturat.<\/p>\n<p data-start=\"1492\" data-end=\"1660\">S\u2019habilita una casella espec\u00edfica per poder deduir els pagaments addicionals realitzats el 2025 derivats de regularitzacions de quotes d\u2019aut\u00f2noms d\u2019exercicis anteriors.<\/p>\n<p data-start=\"1662\" data-end=\"2061\">Es mantenen les deduccions habituals, com les corresponents al lloguer o adquisici\u00f3 d\u2019habitatge habitual (quan la normativa ho permet), aportacions a plans de pensions, aix\u00ed com altres deduccions com les relatives a obres de millora de l\u2019efici\u00e8ncia energ\u00e8tica o l\u2019adquisici\u00f3 de vehicles el\u00e8ctrics. Tamb\u00e9 continuen les deduccions per maternitat, fam\u00edlia nombrosa i persones amb discapacitat a c\u00e0rrec.<\/p>\n<p data-start=\"2063\" data-end=\"2116\">Restem a la seva disposici\u00f3 per a qualsevol consulta.<\/p>\n<p data-start=\"2118\" data-end=\"2164\">Rebin una cordial salutaci\u00f3,<br data-start=\"2146\" data-end=\"2149\" \/>Arias Assessors<\/p>\n<p>[\/vc_column_text][\/vc_column][\/vc_row][vc_row css_animation=&#8221;&#8221; row_type=&#8221;row&#8221; use_row_as_full_screen_section=&#8221;no&#8221; type=&#8221;full_width&#8221; angled_section=&#8221;no&#8221; text_align=&#8221;left&#8221; background_image_as_pattern=&#8221;without_pattern&#8221;][vc_column][vc_empty_space height=&#8221;40px&#8221;]<a  itemprop=\"url\" href=\"https:\/\/forms.hubpymes.es\/formulario-de-rentas-arias\/\" target=\"_self\"  class=\"qbutton  large default\" style=\"\">Formulari Renta 2025<\/a>[vc_empty_space height=&#8221;64px&#8221;][\/vc_column][\/vc_row]<\/p>\n","protected":false},"excerpt":{"rendered":"<p>[vc_row css_animation=&#8221;&#8221; row_type=&#8221;row&#8221; use_row_as_full_screen_section=&#8221;no&#8221; type=&#8221;full_width&#8221; angled_section=&#8221;no&#8221; text_align=&#8221;left&#8221; background_image_as_pattern=&#8221;without_pattern&#8221;][vc_column][vc_empty_space height=&#8221;40px&#8221;][vc_empty_space height=&#8221;40px&#8221;][\/vc_column][\/vc_row][vc_row css_animation=&#8221;&#8221; row_type=&#8221;row&#8221; use_row_as_full_screen_section=&#8221;no&#8221; type=&#8221;full_width&#8221; angled_section=&#8221;no&#8221; text_align=&#8221;left&#8221; background_image_as_pattern=&#8221;without_pattern&#8221;][vc_column][vc_column_text] Benvolgut\/da client\/a, L\u2019informem que la Campanya de la Renta i Patrimoni 2025 ha comen\u00e7at el passat 8 d\u2019abril de 2026, i estar\u00e0 activa fins al dia 30 de&#8230;<\/p>\n","protected":false},"author":2,"featured_media":0,"parent":0,"menu_order":0,"comment_status":"closed","ping_status":"closed","template":"","meta":{"footnotes":""},"class_list":["post-4806","page","type-page","status-publish","hentry"],"yoast_head":"<!-- This site is optimized with the Yoast SEO plugin v24.3 - https:\/\/yoast.com\/wordpress\/plugins\/seo\/ -->\n<title>Inici campanya Renta 2025 | Arias Assessors<\/title>\n<meta name=\"robots\" content=\"index, follow, max-snippet:-1, max-image-preview:large, max-video-preview:-1\" \/>\n<link rel=\"canonical\" href=\"https:\/\/www.ariasassessors.com\/ca\/inici-campanya-renta-2025\/\" \/>\n<meta property=\"og:locale\" content=\"ca_ES\" \/>\n<meta property=\"og:type\" content=\"article\" \/>\n<meta property=\"og:title\" content=\"Inici campanya Renta 2025 | Arias Assessors\" \/>\n<meta property=\"og:description\" content=\"[vc_row css_animation=&#8221;&#8221; row_type=&#8221;row&#8221; use_row_as_full_screen_section=&#8221;no&#8221; type=&#8221;full_width&#8221; angled_section=&#8221;no&#8221; text_align=&#8221;left&#8221; background_image_as_pattern=&#8221;without_pattern&#8221;][vc_column][vc_empty_space height=&#8221;40px&#8221;][vc_empty_space height=&#8221;40px&#8221;][\/vc_column][\/vc_row][vc_row css_animation=&#8221;&#8221; row_type=&#8221;row&#8221; use_row_as_full_screen_section=&#8221;no&#8221; type=&#8221;full_width&#8221; angled_section=&#8221;no&#8221; text_align=&#8221;left&#8221; background_image_as_pattern=&#8221;without_pattern&#8221;][vc_column][vc_column_text] Benvolgut\/da client\/a, L\u2019informem que la Campanya de la Renta i Patrimoni 2025 ha comen\u00e7at el passat 8 d\u2019abril de 2026, i estar\u00e0 activa fins al dia 30 de...\" \/>\n<meta property=\"og:url\" content=\"https:\/\/www.ariasassessors.com\/ca\/inici-campanya-renta-2025\/\" \/>\n<meta property=\"og:site_name\" content=\"Arias Assessors\" \/>\n<meta property=\"article:publisher\" content=\"https:\/\/www.facebook.com\/ariasassessors\/\" \/>\n<meta property=\"article:modified_time\" content=\"2026-04-22T10:03:54+00:00\" \/>\n<meta name=\"twitter:card\" content=\"summary_large_image\" \/>\n<meta name=\"twitter:site\" content=\"@ariasassessors\" \/>\n<meta name=\"twitter:label1\" content=\"Temps estimat de lectura\" \/>\n\t<meta name=\"twitter:data1\" content=\"2 minuts\" \/>\n<script type=\"application\/ld+json\" class=\"yoast-schema-graph\">{\"@context\":\"https:\/\/schema.org\",\"@graph\":[{\"@type\":\"WebPage\",\"@id\":\"https:\/\/www.ariasassessors.com\/ca\/inici-campanya-renta-2025\/\",\"url\":\"https:\/\/www.ariasassessors.com\/ca\/inici-campanya-renta-2025\/\",\"name\":\"Inici campanya Renta 2025 | Arias Assessors\",\"isPartOf\":{\"@id\":\"https:\/\/www.ariasassessors.com\/#website\"},\"datePublished\":\"2026-04-22T09:47:46+00:00\",\"dateModified\":\"2026-04-22T10:03:54+00:00\",\"breadcrumb\":{\"@id\":\"https:\/\/www.ariasassessors.com\/ca\/inici-campanya-renta-2025\/#breadcrumb\"},\"inLanguage\":\"ca\",\"potentialAction\":[{\"@type\":\"ReadAction\",\"target\":[\"https:\/\/www.ariasassessors.com\/ca\/inici-campanya-renta-2025\/\"]}]},{\"@type\":\"BreadcrumbList\",\"@id\":\"https:\/\/www.ariasassessors.com\/ca\/inici-campanya-renta-2025\/#breadcrumb\",\"itemListElement\":[{\"@type\":\"ListItem\",\"position\":1,\"name\":\"Portada\",\"item\":\"https:\/\/www.ariasassessors.com\/ca\/\"},{\"@type\":\"ListItem\",\"position\":2,\"name\":\"Inici campanya Renta 2025\"}]},{\"@type\":\"WebSite\",\"@id\":\"https:\/\/www.ariasassessors.com\/#website\",\"url\":\"https:\/\/www.ariasassessors.com\/\",\"name\":\"Arias Assessors\",\"description\":\"Asesor\u00eda para aut\u00f3nomos, profesionales y PYMES\",\"publisher\":{\"@id\":\"https:\/\/www.ariasassessors.com\/#organization\"},\"potentialAction\":[{\"@type\":\"SearchAction\",\"target\":{\"@type\":\"EntryPoint\",\"urlTemplate\":\"https:\/\/www.ariasassessors.com\/?s={search_term_string}\"},\"query-input\":{\"@type\":\"PropertyValueSpecification\",\"valueRequired\":true,\"valueName\":\"search_term_string\"}}],\"inLanguage\":\"ca\"},{\"@type\":\"Organization\",\"@id\":\"https:\/\/www.ariasassessors.com\/#organization\",\"name\":\"Arias Assessors\",\"url\":\"https:\/\/www.ariasassessors.com\/\",\"logo\":{\"@type\":\"ImageObject\",\"inLanguage\":\"ca\",\"@id\":\"https:\/\/www.ariasassessors.com\/#\/schema\/logo\/image\/\",\"url\":\"https:\/\/www.ariasassessors.com\/wp-content\/uploads\/2019\/01\/arias-logo.png\",\"contentUrl\":\"https:\/\/www.ariasassessors.com\/wp-content\/uploads\/2019\/01\/arias-logo.png\",\"width\":349,\"height\":254,\"caption\":\"Arias Assessors\"},\"image\":{\"@id\":\"https:\/\/www.ariasassessors.com\/#\/schema\/logo\/image\/\"},\"sameAs\":[\"https:\/\/www.facebook.com\/ariasassessors\/\",\"https:\/\/x.com\/ariasassessors\",\"https:\/\/www.linkedin.com\/company\/r&amp;amp;r-growing-knowledge\/\"]}]}<\/script>\n<!-- \/ Yoast SEO plugin. -->","yoast_head_json":{"title":"Inici campanya Renta 2025 | Arias Assessors","robots":{"index":"index","follow":"follow","max-snippet":"max-snippet:-1","max-image-preview":"max-image-preview:large","max-video-preview":"max-video-preview:-1"},"canonical":"https:\/\/www.ariasassessors.com\/ca\/inici-campanya-renta-2025\/","og_locale":"ca_ES","og_type":"article","og_title":"Inici campanya Renta 2025 | Arias Assessors","og_description":"[vc_row css_animation=&#8221;&#8221; row_type=&#8221;row&#8221; use_row_as_full_screen_section=&#8221;no&#8221; type=&#8221;full_width&#8221; angled_section=&#8221;no&#8221; text_align=&#8221;left&#8221; background_image_as_pattern=&#8221;without_pattern&#8221;][vc_column][vc_empty_space height=&#8221;40px&#8221;][vc_empty_space height=&#8221;40px&#8221;][\/vc_column][\/vc_row][vc_row css_animation=&#8221;&#8221; row_type=&#8221;row&#8221; use_row_as_full_screen_section=&#8221;no&#8221; type=&#8221;full_width&#8221; angled_section=&#8221;no&#8221; text_align=&#8221;left&#8221; background_image_as_pattern=&#8221;without_pattern&#8221;][vc_column][vc_column_text] Benvolgut\/da client\/a, L\u2019informem que la Campanya de la Renta i Patrimoni 2025 ha comen\u00e7at el passat 8 d\u2019abril de 2026, i estar\u00e0 activa fins al dia 30 de...","og_url":"https:\/\/www.ariasassessors.com\/ca\/inici-campanya-renta-2025\/","og_site_name":"Arias Assessors","article_publisher":"https:\/\/www.facebook.com\/ariasassessors\/","article_modified_time":"2026-04-22T10:03:54+00:00","twitter_card":"summary_large_image","twitter_site":"@ariasassessors","twitter_misc":{"Temps estimat de lectura":"2 minuts"},"schema":{"@context":"https:\/\/schema.org","@graph":[{"@type":"WebPage","@id":"https:\/\/www.ariasassessors.com\/ca\/inici-campanya-renta-2025\/","url":"https:\/\/www.ariasassessors.com\/ca\/inici-campanya-renta-2025\/","name":"Inici campanya Renta 2025 | Arias Assessors","isPartOf":{"@id":"https:\/\/www.ariasassessors.com\/#website"},"datePublished":"2026-04-22T09:47:46+00:00","dateModified":"2026-04-22T10:03:54+00:00","breadcrumb":{"@id":"https:\/\/www.ariasassessors.com\/ca\/inici-campanya-renta-2025\/#breadcrumb"},"inLanguage":"ca","potentialAction":[{"@type":"ReadAction","target":["https:\/\/www.ariasassessors.com\/ca\/inici-campanya-renta-2025\/"]}]},{"@type":"BreadcrumbList","@id":"https:\/\/www.ariasassessors.com\/ca\/inici-campanya-renta-2025\/#breadcrumb","itemListElement":[{"@type":"ListItem","position":1,"name":"Portada","item":"https:\/\/www.ariasassessors.com\/ca\/"},{"@type":"ListItem","position":2,"name":"Inici campanya Renta 2025"}]},{"@type":"WebSite","@id":"https:\/\/www.ariasassessors.com\/#website","url":"https:\/\/www.ariasassessors.com\/","name":"Arias Assessors","description":"Asesor\u00eda para aut\u00f3nomos, profesionales y PYMES","publisher":{"@id":"https:\/\/www.ariasassessors.com\/#organization"},"potentialAction":[{"@type":"SearchAction","target":{"@type":"EntryPoint","urlTemplate":"https:\/\/www.ariasassessors.com\/?s={search_term_string}"},"query-input":{"@type":"PropertyValueSpecification","valueRequired":true,"valueName":"search_term_string"}}],"inLanguage":"ca"},{"@type":"Organization","@id":"https:\/\/www.ariasassessors.com\/#organization","name":"Arias Assessors","url":"https:\/\/www.ariasassessors.com\/","logo":{"@type":"ImageObject","inLanguage":"ca","@id":"https:\/\/www.ariasassessors.com\/#\/schema\/logo\/image\/","url":"https:\/\/www.ariasassessors.com\/wp-content\/uploads\/2019\/01\/arias-logo.png","contentUrl":"https:\/\/www.ariasassessors.com\/wp-content\/uploads\/2019\/01\/arias-logo.png","width":349,"height":254,"caption":"Arias Assessors"},"image":{"@id":"https:\/\/www.ariasassessors.com\/#\/schema\/logo\/image\/"},"sameAs":["https:\/\/www.facebook.com\/ariasassessors\/","https:\/\/x.com\/ariasassessors","https:\/\/www.linkedin.com\/company\/r&amp;amp;r-growing-knowledge\/"]}]}},"_links":{"self":[{"href":"https:\/\/www.ariasassessors.com\/ca\/wp-json\/wp\/v2\/pages\/4806","targetHints":{"allow":["GET"]}}],"collection":[{"href":"https:\/\/www.ariasassessors.com\/ca\/wp-json\/wp\/v2\/pages"}],"about":[{"href":"https:\/\/www.ariasassessors.com\/ca\/wp-json\/wp\/v2\/types\/page"}],"author":[{"embeddable":true,"href":"https:\/\/www.ariasassessors.com\/ca\/wp-json\/wp\/v2\/users\/2"}],"replies":[{"embeddable":true,"href":"https:\/\/www.ariasassessors.com\/ca\/wp-json\/wp\/v2\/comments?post=4806"}],"version-history":[{"count":3,"href":"https:\/\/www.ariasassessors.com\/ca\/wp-json\/wp\/v2\/pages\/4806\/revisions"}],"predecessor-version":[{"id":4816,"href":"https:\/\/www.ariasassessors.com\/ca\/wp-json\/wp\/v2\/pages\/4806\/revisions\/4816"}],"wp:attachment":[{"href":"https:\/\/www.ariasassessors.com\/ca\/wp-json\/wp\/v2\/media?parent=4806"}],"curies":[{"name":"wp","href":"https:\/\/api.w.org\/{rel}","templated":true}]}}